{"id":4776,"date":"2025-06-24T18:41:50","date_gmt":"2025-06-24T16:41:50","guid":{"rendered":"https:\/\/extende.realisateurweb.com\/civa-logiciel-de-simulation-cnd\/modules-disponibles-dans-civa\/"},"modified":"2025-09-25T18:04:38","modified_gmt":"2025-09-25T16:04:38","slug":"modules-disponibles-dans-civa","status":"publish","type":"page","link":"https:\/\/extende.realisateurweb.com\/fr\/civa-logiciel-de-simulation-cnd\/modules-disponibles-dans-civa\/","title":{"rendered":"Modules disponibles dans CIVA"},"content":{"rendered":"<p><img loading=\"lazy\" decoding=\"async\" class=\"alignright\" src=\"https:\/\/extende.realisateurweb.com\/wp-content\/uploads\/logo-civa-nde.jpg\" alt=\"\" width=\"342\" height=\"125\" \/>CIVA est un logiciel pour le CND complet et multitechnique.<\/p>\n<p>Diff\u00e9rents modules peuvent \u00eatre acquis, ce qui inclut\u00a0:<\/p>\n<ul>\n<li><a href=\"https:\/\/extende.realisateurweb.com\/fr\/civa-logiciel-de-simulation-cnd\/modules-disponibles-dans-civa\/controle-par-ultrasons-avec-civa\/\">Simulation UT<\/a> (incluant UT conventionnel, PA UT, <a href=\"https:\/\/extende.realisateurweb.com\/fr\/civa-logiciel-de-simulation-cnd\/modules-disponibles-dans-civa\/analyse-de-controles-par-ultrasons-avec-civa\/\">analyse<\/a>, etc.)\n<ul>\n<li>Ajouts optionnels \u00e0 CIVA UT :\n<ul>\n<li>Simulation UT avec le module hybride <a href=\"https:\/\/extende.realisateurweb.com\/fr\/civa-logiciel-de-simulation-cnd\/modules-disponibles-dans-civa\/civa-athena2d-ultrasons-par-approche-hybride-sa-fem\/\">CIVA-ATHENA2D<\/a><\/li>\n<li>Simulation UT pour les composites fibreux avec le module hybride <a href=\"https:\/\/extende.realisateurweb.com\/fr\/civa-logiciel-de-simulation-cnd\/modules-disponibles-dans-civa\/simulation-du-controle-ultrasonore-des-composites-par-difference-finie-avec-civa-fidel-2d\/\">CIVA FIDEL2D<\/a><\/li>\n<\/ul>\n<\/li>\n<li><a href=\"https:\/\/extende.realisateurweb.com\/fr\/civa-logiciel-de-simulation-cnd\/modules-disponibles-dans-civa\/analyse-de-controles-par-ultrasons-avec-civa\/\">CIVA UT Analyse<\/a> peut-\u00eatre acquis ind\u00e9pendamment du module de simulation<\/li>\n<li><a href=\"https:\/\/extende.realisateurweb.com\/fr\/civa-logiciel-de-simulation-cnd\/modules-disponibles-dans-civa\/controle-aut-des-pipelines-avec-civa\/\">CIVA AUT Pipeline<\/a> peut-\u00eatre acquis ind\u00e9pendamment ou en ajout du module CIVA UT<\/li>\n<\/ul>\n<\/li>\n<li><a href=\"https:\/\/extende.realisateurweb.com\/fr\/civa-logiciel-de-simulation-cnd\/modules-disponibles-dans-civa\/controle-par-courants-de-foucault-avec-civa\/\">Simulation ET<\/a> (Courants de Foucault)<\/li>\n<li><a href=\"https:\/\/extende.realisateurweb.com\/fr\/civa-logiciel-de-simulation-cnd\/modules-disponibles-dans-civa\/controle-par-radiographie-et-gammagraphie-avec-civa\/\">Simulation RT<\/a> (Rayons X et Gammagraphie)\n<ul>\n<li>Ajout optionnel \u00e0 CIVA RT :\n<ul>\n<li><a href=\"https:\/\/extende.realisateurweb.com\/fr\/civa-logiciel-de-simulation-cnd\/modules-disponibles-dans-civa\/controle-par-tomographie-avec-civa\/\">Simulation CT<\/a> (Tomographie X)<\/li>\n<\/ul>\n<\/li>\n<\/ul>\n<\/li>\n<li><a href=\"https:\/\/extende.realisateurweb.com\/fr\/civa-logiciel-de-simulation-cnd\/modules-disponibles-dans-civa\/controle-par-ondes-guidees-avec-civa\/\">Simulation GWT<\/a> (Ondes Guid\u00e9es)<\/li>\n<li><a href=\"https:\/\/extende.realisateurweb.com\/fr\/civa-logiciel-de-simulation-cnd\/modules-disponibles-dans-civa\/structural-health-monitoring-avec-civa\/\">Simulation SHM<\/a> (Monitoring sant\u00e9 des structures par Ondes Guid\u00e9es)<\/li>\n<li><a href=\"https:\/\/extende.realisateurweb.com\/fr\/civa-logiciel-de-simulation-cnd\/modules-disponibles-dans-civa\/controle-par-thermographie-avec-civa\/\">Simulation TT<\/a> (Thermographie)<\/li>\n<\/ul>\n<p>Les outils puissants sont \u00e9galement propos\u00e9s pour piloter vos projets autour de CIVA:<\/p>\n<ul>\n<li><a href=\"https:\/\/extende.realisateurweb.com\/fr\/civa-logiciel-de-simulation-cnd\/modules-disponibles-dans-civa\/allez-plus-loin-avec-civa-script\/\">CIVA Script<\/a><\/li>\n<li><a href=\"https:\/\/extende.realisateurweb.com\/fr\/civa-logiciel-de-simulation-cnd\/modules-disponibles-dans-civa\/ia-pour-les-end-avec-civa-data-science\/\">CIVA Data Science<\/a> (inclut CIVA Script) : Vers l\u2019IA pour les END<\/li>\n<\/ul>\n<p>Plus de d\u00e9tails sont donn\u00e9s dans les pages d\u00e9di\u00e9es \u00e0 chaque module.<\/p>\n<p>&nbsp;<\/p>\n<h2 class=\"titre-paragraphe\">La version commerciale disponible est CIVA 2025<\/h2>\n<p><img loading=\"lazy\" decoding=\"async\" class=\"alignright\" src=\"https:\/\/extende.realisateurweb.com\/wp-content\/uploads\/logo-CIVA-NDE-2025.jpg\" alt=\"\" width=\"342\" height=\"125\" \/><\/p>\n<p><span class=\"g-color2\">CIVA 2025 marque une \u00e9volution significative pour CIVA UT<\/span> avec l\u2019arriv\u00e9e d\u2019un module \u00ab\u00a0Tout El\u00e9ments Finis\u00a0\u00bb. CIVA <span class=\"g-color2\">2025<\/span> rassemble aussi de nouveaux mod\u00e8les physiques dans CIVA RT, <span class=\"g-color2\">des outils de fusion de donn\u00e9es en RT<\/span> et dans CIVA Data Science, rend disponible les <span class=\"g-color2\">sondes tournantes<\/span> dans le module d\u2019inspection Tubes GV au sein de CIVA ET. D&rsquo;autres nouveaut\u00e9s incluent l&rsquo;estimation du <span class=\"g-color2\">Taux de Fausses Alarmes<\/span> au sein du module d&rsquo;analyse <span class=\"g-color2\">POD<\/span>, la possibilit\u00e9 d&rsquo;extractions multiples depuis une \u00e9tude param\u00e9trique, la <span class=\"g-color2\">compatibilit\u00e9 de CIVA Script avec CIVA Analyse<\/span>, et plus encore.<\/p>\n<p>Plus de d\u00e9tails sur cette nouvelle version dans les documents ci-dessous :<\/p>\n<ul>\n<li><a href=\"https:\/\/extende.realisateurweb.com\/wp-content\/uploads\/CIVA_2025_Release_Note_FR.pdf\" target=\"_blank\" rel=\"noopener\">Release Note de CIVA 2025<\/a><\/li>\n<li><a href=\"https:\/\/extende.realisateurweb.com\/wp-content\/uploads\/CIVA_2025_Description_FR.pdf\" target=\"_blank\" rel=\"noopener\">Descriptif technique de CIVA 2025<\/a><\/li>\n<\/ul>\n","protected":false},"excerpt":{"rendered":"<p>CIVA est un logiciel pour le CND complet et multitechnique. Diff\u00e9rents modules peuvent \u00eatre acquis, ce qui inclut\u00a0: Simulation UT (incluant UT conventionnel, PA UT, analyse, etc.) Ajouts optionnels \u00e0 CIVA UT : Simulation UT avec le module hybride CIVA-ATHENA2D Simulation UT pour les composites fibreux avec le module hybride CIVA FIDEL2D CIVA UT Analyse [&hellip;]<\/p>\n","protected":false},"author":2,"featured_media":0,"parent":4770,"menu_order":1,"comment_status":"closed","ping_status":"closed","template":"templates\/page--extende.html.php","meta":{"_acf_changed":false,"footnotes":""},"class_list":["post-4776","page","type-page","status-publish","hentry"],"acf":[],"_links":{"self":[{"href":"https:\/\/extende.realisateurweb.com\/fr\/wp-json\/wp\/v2\/pages\/4776","targetHints":{"allow":["GET"]}}],"collection":[{"href":"https:\/\/extende.realisateurweb.com\/fr\/wp-json\/wp\/v2\/pages"}],"about":[{"href":"https:\/\/extende.realisateurweb.com\/fr\/wp-json\/wp\/v2\/types\/page"}],"author":[{"embeddable":true,"href":"https:\/\/extende.realisateurweb.com\/fr\/wp-json\/wp\/v2\/users\/2"}],"replies":[{"embeddable":true,"href":"https:\/\/extende.realisateurweb.com\/fr\/wp-json\/wp\/v2\/comments?post=4776"}],"version-history":[{"count":3,"href":"https:\/\/extende.realisateurweb.com\/fr\/wp-json\/wp\/v2\/pages\/4776\/revisions"}],"predecessor-version":[{"id":6925,"href":"https:\/\/extende.realisateurweb.com\/fr\/wp-json\/wp\/v2\/pages\/4776\/revisions\/6925"}],"up":[{"embeddable":true,"href":"https:\/\/extende.realisateurweb.com\/fr\/wp-json\/wp\/v2\/pages\/4770"}],"wp:attachment":[{"href":"https:\/\/extende.realisateurweb.com\/fr\/wp-json\/wp\/v2\/media?parent=4776"}],"curies":[{"name":"wp","href":"https:\/\/api.w.org\/{rel}","templated":true}]}}