{"id":5125,"date":"2025-06-24T18:44:07","date_gmt":"2025-06-24T16:44:07","guid":{"rendered":"https:\/\/extende.realisateurweb.com\/civa-logiciel-de-simulation-cnd\/modules-disponibles-dans-civa\/ia-pour-les-end-avec-civa-data-science\/"},"modified":"2025-07-21T18:21:32","modified_gmt":"2025-07-21T16:21:32","slug":"ia-pour-les-end-avec-civa-data-science","status":"publish","type":"page","link":"https:\/\/extende.realisateurweb.com\/fr\/civa-logiciel-de-simulation-cnd\/modules-disponibles-dans-civa\/ia-pour-les-end-avec-civa-data-science\/","title":{"rendered":"IA pour les END avec CIVA Data Science"},"content":{"rendered":"<h2 class=\"titre-paragraphe\">Qu&rsquo;est-ce que CIVA Data Science ?<\/h2>\n<p>Une r\u00e9elle utilisation de l'\u00a0\u00bbIA\u00a0\u00bb dans les END souffrent de la difficult\u00e9 de disposer de suffisamment de donn\u00e9es pertinentes et explicites pour entrainer les algorithmes. <span class=\"g-color2\">La simulation peut surmonter cette situation en g\u00e9n\u00e9rant en masse des donn\u00e9es pertinentes.<\/span> Ce nouveau module <span class=\"g-color1\">CIVA<\/span> Data Science permet de rassembler dans un environnement CND les simulations <span class=\"g-color1\">CIVA<\/span>, l&rsquo;analyse CIVA et des outils de gestion de donn\u00e9es pour concevoir et valider des <span class=\"g-color2\">mod\u00e8les de diagnostics bas\u00e9s sur de l&rsquo;apprentissage automatique<\/span>.<\/p>\n<p><span class=\"g-color1\">CIVA<\/span> Data Science inclut les outils suivants :<\/p>\n<ul class=\"liste-carres-noirs\">\n<li><span class=\"g-color2\">Bases de Donn\u00e9es &amp; M\u00e9tamod\u00e8les<\/span> : Collecter les donn\u00e9es simul\u00e9es et \/ ou exp\u00e9rimentales, d\u00e9finir le crit\u00e8re de sortie<\/li>\n<li><span class=\"g-color2\">Fusion de Bases de Donn\u00e9es<\/span> : Fusionner diff\u00e9rentes sources de donn\u00e9es (diff\u00e9rentes \u00e9tudes param\u00e9triques ou fichiers d&rsquo;acquisition, etc.) pour enrichir le nombre d&rsquo;\u00e9chantillons ou concat\u00e9ner un crit\u00e8re d&rsquo;analyse<\/li>\n<li><span class=\"g-color2\">Notebooks Python<\/span> : Utiliser des scripts <span class=\"g-color3\">Python<\/span> pour adapter les donn\u00e9es \u00e0 vos besoins<\/li>\n<li><span class=\"g-color2\">Classification<\/span> : D\u00e9finir les classes de d\u00e9fauts, entrainer et param\u00e9trer les mod\u00e8les de classification puis les \u00e9valuer sur une base de donn\u00e9es externe<\/li>\n<li><span class=\"g-color2\">D\u00e9tection<\/span> : Entrainer le mod\u00e8le sur une classe et r\u00e9gler le seuil pour une \u00e9valuation de type \u00ab\u00a0Succ\u00e8s \/ Echec\u00a0\u00bb<\/li>\n<li><span class=\"g-color2\">Analyse Pr\u00e9diction<\/span> : Evaluer la pr\u00e9cision des m\u00e9tamod\u00e8les que vous avez g\u00e9n\u00e9r\u00e9s \u00e0 partir de vos bases de donn\u00e9es et des variations param\u00e9triques<\/li>\n<\/ul>\n<p>Avec <span class=\"g-color2\">Bases de Donn\u00e9es &amp; M\u00e9tamod\u00e8les<\/span>, importez les diff\u00e9rents jeux de donn\u00e9es (exp\u00e9rimentaux et\/ou simulations).<\/p>\n<p><span class=\"g-color1\">CIVA<\/span> Data Science peut charger des fichiers de variation <span class=\"g-color1\">CIVA<\/span> (*.var), des donn\u00e9es exp\u00e9rimentales export\u00e9es depuis <span class=\"g-color1\">CIVA<\/span> Analyse au format *.cck via la fonctionnalit\u00e9 export \u00ab\u00a0DS\u00a0\u00bb, mais aussi des fichiers *.txt ou *.csv.<\/p>\n<p>Ensuite, d\u00e9finir et visualiser le crit\u00e8re de sortie sur lequel les algorithmes d&rsquo;apprentissage automatique vont travailler pour classer les donn\u00e9es. Des m\u00e9tamod\u00e8les peuvent \u00eatre g\u00e9n\u00e9r\u00e9s pour accroitre la taille des \u00e9chantillons. Des outils permettent de v\u00e9rifier la coh\u00e9rence des donn\u00e9es (en termes de crit\u00e8res de sortie, de labels, de dimensions des donn\u00e9es, etc.) afin de s&rsquo;assurer que l&rsquo;apprentissage puisse \u00eatre op\u00e9rationnel.<\/p>\n<p>&nbsp;<\/p>\n<div style=\"text-align: center;\"><a class=\"mediabox\" href=\"https:\/\/extende.realisateurweb.com\/wp-content\/uploads\/CIVA2023_DS_ExportExperimentalData.png\"><img loading=\"lazy\" decoding=\"async\" class=\"border aligncenter wp-image-5118\" src=\"https:\/\/extende.realisateurweb.com\/wp-content\/uploads\/CIVA2023_DS_ExportExperimentalData.png\" alt=\"\" width=\"650\" height=\"240\" align=\"\" srcset=\"https:\/\/extende.realisateurweb.com\/wp-content\/uploads\/CIVA2023_DS_ExportExperimentalData.png 920w, https:\/\/extende.realisateurweb.com\/wp-content\/uploads\/CIVA2023_DS_ExportExperimentalData-300x111.png 300w, https:\/\/extende.realisateurweb.com\/wp-content\/uploads\/CIVA2023_DS_ExportExperimentalData-768x284.png 768w, https:\/\/extende.realisateurweb.com\/wp-content\/uploads\/CIVA2023_DS_ExportExperimentalData-600x222.png 600w\" sizes=\"auto, (max-width: 650px) 100vw, 650px\" \/><\/a><\/div>\n<p>&nbsp;<\/p>\n<div style=\"text-align: center;\"><a class=\"mediabox\" href=\"https:\/\/extende.realisateurweb.com\/wp-content\/uploads\/CIVA2023_DS_DatabaseCollection-scaled.png\"><img loading=\"lazy\" decoding=\"async\" class=\"border aligncenter wp-image-5119\" src=\"https:\/\/extende.realisateurweb.com\/wp-content\/uploads\/CIVA2023_DS_DatabaseCollection-scaled.png\" alt=\"\" width=\"650\" height=\"299\" align=\"\" srcset=\"https:\/\/extende.realisateurweb.com\/wp-content\/uploads\/CIVA2023_DS_DatabaseCollection-scaled.png 1600w, https:\/\/extende.realisateurweb.com\/wp-content\/uploads\/CIVA2023_DS_DatabaseCollection-300x138.png 300w, https:\/\/extende.realisateurweb.com\/wp-content\/uploads\/CIVA2023_DS_DatabaseCollection-1024x470.png 1024w, https:\/\/extende.realisateurweb.com\/wp-content\/uploads\/CIVA2023_DS_DatabaseCollection-768x353.png 768w, https:\/\/extende.realisateurweb.com\/wp-content\/uploads\/CIVA2023_DS_DatabaseCollection-1536x705.png 1536w, https:\/\/extende.realisateurweb.com\/wp-content\/uploads\/CIVA2023_DS_DatabaseCollection-600x276.png 600w, https:\/\/extende.realisateurweb.com\/wp-content\/uploads\/CIVA2023_DS_DatabaseCollection-1400x643.png 1400w\" sizes=\"auto, (max-width: 650px) 100vw, 650px\" \/><\/a><\/div>\n<p>&nbsp;<\/p>\n<p>D\u00e9finir un crit\u00e8re d\u2019analyse pertinent peut n\u00e9cessiter de <span class=\"g-color2\">fusionner<\/span> ou <span class=\"g-color2\">transformer<\/span> les donn\u00e9es brutes depuis diff\u00e9rentes sources.<\/p>\n<p>C&rsquo;est le r\u00f4le des outils <span class=\"g-color2\">Fusion de Bases de Donn\u00e9es<\/span> et <span class=\"g-color2\">Notebooks Python<\/span>. Un script <span class=\"g-color3\">Python<\/span> peut \u00eatre directement d\u00e9fini dans cet environnement \u00e0 cette fin. Des scripts <span class=\"g-color3\">Python<\/span> peuvent aussi \u00eatre n\u00e9cessaires pour extraire une quantit\u00e9 pertinente des simulations param\u00e9triques <span class=\"g-color1\">CIVA<\/span>. C&rsquo;est pourquoi <span class=\"g-color1\">CIVA<\/span> Data Science n\u00e9cessite le module <a class=\"g-lien\" href=\"https:\/\/extende.realisateurweb.com\/fr\/civa-logiciel-de-simulation-cnd\/modules-disponibles-dans-civa\/allez-plus-loin-avec-civa-script\/\" target=\"_self\">CIVA Script<\/a>.<\/p>\n<p>&nbsp;<\/p>\n<div style=\"text-align: center;\"><a class=\"mediabox\" href=\"https:\/\/extende.realisateurweb.com\/wp-content\/uploads\/CIVA2023_DS_PythonNotebooks.png\"><img loading=\"lazy\" decoding=\"async\" class=\"border aligncenter wp-image-5120\" src=\"https:\/\/extende.realisateurweb.com\/wp-content\/uploads\/CIVA2023_DS_PythonNotebooks.png\" alt=\"\" width=\"650\" height=\"412\" align=\"\" srcset=\"https:\/\/extende.realisateurweb.com\/wp-content\/uploads\/CIVA2023_DS_PythonNotebooks.png 1102w, https:\/\/extende.realisateurweb.com\/wp-content\/uploads\/CIVA2023_DS_PythonNotebooks-300x190.png 300w, https:\/\/extende.realisateurweb.com\/wp-content\/uploads\/CIVA2023_DS_PythonNotebooks-1024x649.png 1024w, https:\/\/extende.realisateurweb.com\/wp-content\/uploads\/CIVA2023_DS_PythonNotebooks-768x486.png 768w, https:\/\/extende.realisateurweb.com\/wp-content\/uploads\/CIVA2023_DS_PythonNotebooks-600x380.png 600w\" sizes=\"auto, (max-width: 650px) 100vw, 650px\" \/><\/a><\/div>\n<p>&nbsp;<\/p>\n<p>Une fois les donn\u00e9es collect\u00e9es et organis\u00e9es, vous pouvez entrainer des outils de classification pour d\u00e9velopper un mod\u00e8le d&rsquo;aide au diagnostic. Le but est de d\u00e9tecter et caract\u00e9riser automatiquement des signaux de d\u00e9fauts \u00e0 partir de donn\u00e9es END. Le module de <span class=\"g-color2\">Classification<\/span> permet de d\u00e9finir les <span class=\"g-color2\">classes<\/span> cibl\u00e9es, <span class=\"g-color2\">pr\u00e9-analyser<\/span> rapidement la capacit\u00e9 \u00e0 s\u00e9parer les donn\u00e9es de fa\u00e7on pertinente \u00e0 partir du crit\u00e8re de sorti choisi, puis de comparer et r\u00e9gler diff\u00e9rents algorithmes de normalisation, projection et classifieurs et leurs param\u00e8tres pour entrainer vos donn\u00e9es.<\/p>\n<p><span class=\"g-color1\">CIVA<\/span> Data Science inclut des graphiques de visualisation tels que des diagrammes 2D, des diagrammes parall\u00e8les ou des matrices de confusion pour r\u00e9gler les param\u00e8tres d&rsquo;entrainement.<\/p>\n<p>Finalement, <span class=\"g-color2\">\u00e9valuer le mod\u00e8le de diagnostic<\/span> sur un jeu de donn\u00e9es tiers.<\/p>\n<p>Un autre module <span class=\"g-color2\">D\u00e9tection<\/span> permet d\u2019entrainer le mod\u00e8le sur une classe et de r\u00e9gler le seuil pour une \u00e9valuation de type \u00ab\u00a0Succ\u00e8s \/ Echec\u00a0\u00bb, par exemple \u00ab\u00a0D\u00e9faut \/ Zone saine\u00a0\u00bb.<\/p>\n<p>&nbsp;<\/p>\n<div style=\"text-align: center;\"><a class=\"mediabox\" href=\"https:\/\/extende.realisateurweb.com\/wp-content\/uploads\/CIVA2023_DS_2D_Analysis.png\"><img loading=\"lazy\" decoding=\"async\" class=\"border aligncenter wp-image-5121\" src=\"https:\/\/extende.realisateurweb.com\/wp-content\/uploads\/CIVA2023_DS_2D_Analysis.png\" alt=\"\" width=\"650\" height=\"467\" align=\"\" srcset=\"https:\/\/extende.realisateurweb.com\/wp-content\/uploads\/CIVA2023_DS_2D_Analysis.png 1040w, https:\/\/extende.realisateurweb.com\/wp-content\/uploads\/CIVA2023_DS_2D_Analysis-300x215.png 300w, https:\/\/extende.realisateurweb.com\/wp-content\/uploads\/CIVA2023_DS_2D_Analysis-1024x736.png 1024w, https:\/\/extende.realisateurweb.com\/wp-content\/uploads\/CIVA2023_DS_2D_Analysis-768x552.png 768w, https:\/\/extende.realisateurweb.com\/wp-content\/uploads\/CIVA2023_DS_2D_Analysis-600x431.png 600w\" sizes=\"auto, (max-width: 650px) 100vw, 650px\" \/><\/a><\/div>\n<p>&nbsp;<\/p>\n<div style=\"text-align: center;\"><a class=\"mediabox\" href=\"https:\/\/extende.realisateurweb.com\/wp-content\/uploads\/CIVA2023_DS_ConfusionMatrix.png\"><img loading=\"lazy\" decoding=\"async\" class=\"border aligncenter wp-image-5122\" src=\"https:\/\/extende.realisateurweb.com\/wp-content\/uploads\/CIVA2023_DS_ConfusionMatrix.png\" alt=\"\" width=\"650\" height=\"417\" align=\"\" srcset=\"https:\/\/extende.realisateurweb.com\/wp-content\/uploads\/CIVA2023_DS_ConfusionMatrix.png 1029w, https:\/\/extende.realisateurweb.com\/wp-content\/uploads\/CIVA2023_DS_ConfusionMatrix-300x192.png 300w, https:\/\/extende.realisateurweb.com\/wp-content\/uploads\/CIVA2023_DS_ConfusionMatrix-1024x657.png 1024w, https:\/\/extende.realisateurweb.com\/wp-content\/uploads\/CIVA2023_DS_ConfusionMatrix-768x493.png 768w, https:\/\/extende.realisateurweb.com\/wp-content\/uploads\/CIVA2023_DS_ConfusionMatrix-600x385.png 600w\" sizes=\"auto, (max-width: 650px) 100vw, 650px\" \/><\/a><\/div>\n<p>&nbsp;<\/p>\n<div style=\"text-align: center;\"><a class=\"mediabox\" href=\"https:\/\/extende.realisateurweb.com\/wp-content\/uploads\/CIVA2023_DS_FullParallelPlot2.png\"><img loading=\"lazy\" decoding=\"async\" class=\"border aligncenter wp-image-5123\" src=\"https:\/\/extende.realisateurweb.com\/wp-content\/uploads\/CIVA2023_DS_FullParallelPlot2.png\" alt=\"\" width=\"650\" height=\"386\" align=\"\" srcset=\"https:\/\/extende.realisateurweb.com\/wp-content\/uploads\/CIVA2023_DS_FullParallelPlot2.png 1257w, https:\/\/extende.realisateurweb.com\/wp-content\/uploads\/CIVA2023_DS_FullParallelPlot2-300x178.png 300w, https:\/\/extende.realisateurweb.com\/wp-content\/uploads\/CIVA2023_DS_FullParallelPlot2-1024x609.png 1024w, https:\/\/extende.realisateurweb.com\/wp-content\/uploads\/CIVA2023_DS_FullParallelPlot2-768x456.png 768w, https:\/\/extende.realisateurweb.com\/wp-content\/uploads\/CIVA2023_DS_FullParallelPlot2-600x357.png 600w\" sizes=\"auto, (max-width: 650px) 100vw, 650px\" \/><\/a><\/div>\n","protected":false},"excerpt":{"rendered":"<p>Extende, Simulation en contr\u00f4le non destructif, logiciel CIVA, IA, Intelligence Artificielle, Data Science, ultrasons, courants de Foucault, Radiographie, conception de sondes, POD, Qualifications<\/p>\n","protected":false},"author":2,"featured_media":0,"parent":4776,"menu_order":12,"comment_status":"closed","ping_status":"closed","template":"templates\/page--extende.html.php","meta":{"_acf_changed":false,"footnotes":""},"class_list":["post-5125","page","type-page","status-publish","hentry"],"acf":[],"_links":{"self":[{"href":"https:\/\/extende.realisateurweb.com\/fr\/wp-json\/wp\/v2\/pages\/5125","targetHints":{"allow":["GET"]}}],"collection":[{"href":"https:\/\/extende.realisateurweb.com\/fr\/wp-json\/wp\/v2\/pages"}],"about":[{"href":"https:\/\/extende.realisateurweb.com\/fr\/wp-json\/wp\/v2\/types\/page"}],"author":[{"embeddable":true,"href":"https:\/\/extende.realisateurweb.com\/fr\/wp-json\/wp\/v2\/users\/2"}],"replies":[{"embeddable":true,"href":"https:\/\/extende.realisateurweb.com\/fr\/wp-json\/wp\/v2\/comments?post=5125"}],"version-history":[{"count":3,"href":"https:\/\/extende.realisateurweb.com\/fr\/wp-json\/wp\/v2\/pages\/5125\/revisions"}],"predecessor-version":[{"id":6742,"href":"https:\/\/extende.realisateurweb.com\/fr\/wp-json\/wp\/v2\/pages\/5125\/revisions\/6742"}],"up":[{"embeddable":true,"href":"https:\/\/extende.realisateurweb.com\/fr\/wp-json\/wp\/v2\/pages\/4776"}],"wp:attachment":[{"href":"https:\/\/extende.realisateurweb.com\/fr\/wp-json\/wp\/v2\/media?parent=5125"}],"curies":[{"name":"wp","href":"https:\/\/api.w.org\/{rel}","templated":true}]}}