{"id":5155,"date":"2025-06-24T18:44:15","date_gmt":"2025-06-24T16:44:15","guid":{"rendered":"https:\/\/extende.realisateurweb.com\/civa-logiciel-de-simulation-cnd\/civa-education\/controle-par-courants-de-foucault-pour-leducation\/"},"modified":"2025-07-18T18:12:24","modified_gmt":"2025-07-18T16:12:24","slug":"controle-par-courants-de-foucault-pour-leducation","status":"publish","type":"page","link":"https:\/\/extende.realisateurweb.com\/fr\/civa-logiciel-de-simulation-cnd\/civa-education\/controle-par-courants-de-foucault-pour-leducation\/","title":{"rendered":"Contr\u00f4le par Courants de Foucault pour l&rsquo;\u00e9ducation"},"content":{"rendered":"<p>L\u2019outil ET comprend deux modules\u00a0: le calcul de champ et la simulation d\u2019inspection.<\/p>\n<p>&nbsp;<\/p>\n<h2 class=\"titre-paragraphe\">Calcul de champ<\/h2>\n<p>Les capacit\u00e9s du calcul de champ sont les suivantes\u00a0:<\/p>\n<ul class=\"liste-carres-noirs\">\n<li>Composants de g\u00e9om\u00e9trie plane (potentiellement multicouches) et cylindrique<\/li>\n<li>Mat\u00e9riaux ferromagn\u00e9tiques ou non-ferromagn\u00e9tiques<\/li>\n<li>Bobine de surface (noyau \u00e0 air ou noyau de ferrite cylindrique), sonde axiale<\/li>\n<li>Fr\u00e9quence d\u2019essai variable<\/li>\n<li>Calcul des champs \u00e9lectromagn\u00e9tiques, diagramme d&rsquo;imp\u00e9dance et du signal de lift-off<\/li>\n<\/ul>\n<p>&nbsp;<\/p>\n<h3 class=\"titre-paragraphe\">Exemples de simulations<\/h3>\n<p>Le module de calcul de champ ET de <span class=\"g-color1\">CIVA<\/span> <span class=\"g-color3\">Education<\/span> peut vous aider \u00e0 rendre visible ce qui est quelque peu cach\u00e9 et semble complexe dans cette technique \u00e9lectromagn\u00e9tique.<\/p>\n<ul class=\"liste-carres-noirs\">\n<li>Illustrer la <span class=\"g-color2\">profondeur de p\u00e9n\u00e9tration des Courants de Foucault<\/span> et observer l\u2019impact de la fr\u00e9quence, du mat\u00e9riau mais aussi de la taille de la bobine sur la p\u00e9n\u00e9tration effective.<\/li>\n<\/ul>\n<p>&nbsp;<\/p>\n<p style=\"text-align: center;\"><a href=\"https:\/\/extende.realisateurweb.com\/wp-content\/uploads\/CIVA_ET_Penetration_Depth_Aluminum_5kHz.jpg\" target=\"_blank\" rel=\"noopener\"><img loading=\"lazy\" decoding=\"async\" class=\"border alignnone wp-image-5144\" src=\"https:\/\/extende.realisateurweb.com\/wp-content\/uploads\/CIVA_ET_Penetration_Depth_Aluminum_5kHz.jpg\" alt=\"\" width=\"354\" height=\"350\" srcset=\"https:\/\/extende.realisateurweb.com\/wp-content\/uploads\/CIVA_ET_Penetration_Depth_Aluminum_5kHz.jpg 797w, https:\/\/extende.realisateurweb.com\/wp-content\/uploads\/CIVA_ET_Penetration_Depth_Aluminum_5kHz-300x297.jpg 300w, https:\/\/extende.realisateurweb.com\/wp-content\/uploads\/CIVA_ET_Penetration_Depth_Aluminum_5kHz-768x759.jpg 768w, https:\/\/extende.realisateurweb.com\/wp-content\/uploads\/CIVA_ET_Penetration_Depth_Aluminum_5kHz-600x593.jpg 600w\" sizes=\"auto, (max-width: 354px) 100vw, 354px\" \/><\/a> <a href=\"https:\/\/extende.realisateurweb.com\/wp-content\/uploads\/CIVA_ET_Penetration_Depth_Mild_Steel_5kHz.jpg\" target=\"_blank\" rel=\"noopener\"><img loading=\"lazy\" decoding=\"async\" class=\"border alignnone wp-image-5145\" src=\"https:\/\/extende.realisateurweb.com\/wp-content\/uploads\/CIVA_ET_Penetration_Depth_Mild_Steel_5kHz.jpg\" alt=\"\" width=\"355\" height=\"350\" srcset=\"https:\/\/extende.realisateurweb.com\/wp-content\/uploads\/CIVA_ET_Penetration_Depth_Mild_Steel_5kHz.jpg 801w, https:\/\/extende.realisateurweb.com\/wp-content\/uploads\/CIVA_ET_Penetration_Depth_Mild_Steel_5kHz-300x296.jpg 300w, https:\/\/extende.realisateurweb.com\/wp-content\/uploads\/CIVA_ET_Penetration_Depth_Mild_Steel_5kHz-768x756.jpg 768w, https:\/\/extende.realisateurweb.com\/wp-content\/uploads\/CIVA_ET_Penetration_Depth_Mild_Steel_5kHz-600x591.jpg 600w\" sizes=\"auto, (max-width: 355px) 100vw, 355px\" \/><\/a><\/p>\n<p>&nbsp;<\/p>\n<p style=\"text-align: center;\"><a href=\"https:\/\/extende.realisateurweb.com\/wp-content\/uploads\/CIVA_ET_Influence_Sensor_Size_Field_Same_Material_And_Frequency.jpg\" target=\"_blank\" rel=\"noopener\"><img loading=\"lazy\" decoding=\"async\" class=\"border aligncenter wp-image-5146\" src=\"https:\/\/extende.realisateurweb.com\/wp-content\/uploads\/CIVA_ET_Influence_Sensor_Size_Field_Same_Material_And_Frequency.jpg\" alt=\"\" width=\"639\" height=\"300\" srcset=\"https:\/\/extende.realisateurweb.com\/wp-content\/uploads\/CIVA_ET_Influence_Sensor_Size_Field_Same_Material_And_Frequency.jpg 1568w, https:\/\/extende.realisateurweb.com\/wp-content\/uploads\/CIVA_ET_Influence_Sensor_Size_Field_Same_Material_And_Frequency-300x141.jpg 300w, https:\/\/extende.realisateurweb.com\/wp-content\/uploads\/CIVA_ET_Influence_Sensor_Size_Field_Same_Material_And_Frequency-1024x481.jpg 1024w, https:\/\/extende.realisateurweb.com\/wp-content\/uploads\/CIVA_ET_Influence_Sensor_Size_Field_Same_Material_And_Frequency-768x360.jpg 768w, https:\/\/extende.realisateurweb.com\/wp-content\/uploads\/CIVA_ET_Influence_Sensor_Size_Field_Same_Material_And_Frequency-1536x721.jpg 1536w, https:\/\/extende.realisateurweb.com\/wp-content\/uploads\/CIVA_ET_Influence_Sensor_Size_Field_Same_Material_And_Frequency-600x282.jpg 600w, https:\/\/extende.realisateurweb.com\/wp-content\/uploads\/CIVA_ET_Influence_Sensor_Size_Field_Same_Material_And_Frequency-1400x657.jpg 1400w\" sizes=\"auto, (max-width: 639px) 100vw, 639px\" \/><\/a><\/p>\n<p>&nbsp;<\/p>\n<ul class=\"liste-carres-noirs\">\n<li>Visualiser la <span class=\"g-color2\">zone d\u2019action<\/span> d\u2019une sonde ET.<\/li>\n<li>Observer la <span class=\"g-color2\">distribution des courants de Foucault<\/span> dans un tube ou une barre pleine.<\/li>\n<\/ul>\n<p>&nbsp;<\/p>\n<p style=\"text-align: center;\"><a href=\"https:\/\/extende.realisateurweb.com\/wp-content\/uploads\/CIVA_ET_No_Field_Center_Solid_Bar.jpg\" target=\"_blank\" rel=\"noopener\"><img loading=\"lazy\" decoding=\"async\" class=\"border aligncenter wp-image-5147\" src=\"https:\/\/extende.realisateurweb.com\/wp-content\/uploads\/CIVA_ET_No_Field_Center_Solid_Bar.jpg\" alt=\"\" width=\"296\" height=\"300\" srcset=\"https:\/\/extende.realisateurweb.com\/wp-content\/uploads\/CIVA_ET_No_Field_Center_Solid_Bar.jpg 571w, https:\/\/extende.realisateurweb.com\/wp-content\/uploads\/CIVA_ET_No_Field_Center_Solid_Bar-296x300.jpg 296w\" sizes=\"auto, (max-width: 296px) 100vw, 296px\" \/><\/a><\/p>\n<p>&nbsp;<\/p>\n<ul class=\"liste-carres-noirs\">\n<li>Comprendre et interpr\u00e9ter le <span class=\"g-color2\">diagramme d\u2019imp\u00e9dance<\/span>.<\/li>\n<\/ul>\n<p>&nbsp;<\/p>\n<p style=\"text-align: center;\"><a href=\"https:\/\/extende.realisateurweb.com\/wp-content\/uploads\/CIVA_ET_Impedance_Diagram_Non_Magnetic.jpg\" target=\"_blank\" rel=\"noopener\"><img loading=\"lazy\" decoding=\"async\" class=\"border alignnone wp-image-5149\" src=\"https:\/\/extende.realisateurweb.com\/wp-content\/uploads\/CIVA_ET_Impedance_Diagram_Non_Magnetic.jpg\" alt=\"\" width=\"344\" height=\"300\" srcset=\"https:\/\/extende.realisateurweb.com\/wp-content\/uploads\/CIVA_ET_Impedance_Diagram_Non_Magnetic.jpg 612w, https:\/\/extende.realisateurweb.com\/wp-content\/uploads\/CIVA_ET_Impedance_Diagram_Non_Magnetic-300x261.jpg 300w, https:\/\/extende.realisateurweb.com\/wp-content\/uploads\/CIVA_ET_Impedance_Diagram_Non_Magnetic-600x523.jpg 600w\" sizes=\"auto, (max-width: 344px) 100vw, 344px\" \/><\/a><a href=\"https:\/\/extende.realisateurweb.com\/wp-content\/uploads\/CIVA_ET_Impedance_Diagram_Non_Magnetic.jpg\" target=\"_blank\" rel=\"noopener\"><img loading=\"lazy\" decoding=\"async\" class=\"border alignnone wp-image-5148\" src=\"https:\/\/extende.realisateurweb.com\/wp-content\/uploads\/CIVA_ET_Impedance_Diagram_Ferro_Magnetic.jpg\" alt=\"\" width=\"339\" height=\"300\" srcset=\"https:\/\/extende.realisateurweb.com\/wp-content\/uploads\/CIVA_ET_Impedance_Diagram_Ferro_Magnetic.jpg 614w, https:\/\/extende.realisateurweb.com\/wp-content\/uploads\/CIVA_ET_Impedance_Diagram_Ferro_Magnetic-300x266.jpg 300w, https:\/\/extende.realisateurweb.com\/wp-content\/uploads\/CIVA_ET_Impedance_Diagram_Ferro_Magnetic-600x532.jpg 600w\" sizes=\"auto, (max-width: 339px) 100vw, 339px\" \/><\/a><\/p>\n<p>&nbsp;<\/p>\n<ul class=\"liste-carres-noirs\">\n<li>Voir l\u2019<span class=\"g-color2\">influence d\u2019un noyau de ferrite<\/span> sur un champ induit par une sonde ET.<\/li>\n<li>Expliquer le <span class=\"g-color2\">signal de lift-off<\/span> et ses possibles cons\u00e9quences sur une proc\u00e9dure d\u2019\u00e9talonnage.<\/li>\n<\/ul>\n<p>&nbsp;<\/p>\n<p style=\"text-align: center;\"><a href=\"https:\/\/extende.realisateurweb.com\/wp-content\/uploads\/CIVA_ET_Lift_Off_Signal.jpg\" target=\"_blank\" rel=\"noopener\"><img loading=\"lazy\" decoding=\"async\" class=\"border aligncenter wp-image-5150\" src=\"https:\/\/extende.realisateurweb.com\/wp-content\/uploads\/CIVA_ET_Lift_Off_Signal.jpg\" alt=\"\" width=\"742\" height=\"300\" srcset=\"https:\/\/extende.realisateurweb.com\/wp-content\/uploads\/CIVA_ET_Lift_Off_Signal.jpg 1249w, https:\/\/extende.realisateurweb.com\/wp-content\/uploads\/CIVA_ET_Lift_Off_Signal-300x121.jpg 300w, https:\/\/extende.realisateurweb.com\/wp-content\/uploads\/CIVA_ET_Lift_Off_Signal-1024x414.jpg 1024w, https:\/\/extende.realisateurweb.com\/wp-content\/uploads\/CIVA_ET_Lift_Off_Signal-768x311.jpg 768w, https:\/\/extende.realisateurweb.com\/wp-content\/uploads\/CIVA_ET_Lift_Off_Signal-600x243.jpg 600w\" sizes=\"auto, (max-width: 742px) 100vw, 742px\" \/><\/a><\/p>\n<p>&nbsp;<\/p>\n<ul class=\"liste-carres-noirs\">\n<li>Parmi de nombreuses autres id\u00e9es\u00a0!<\/li>\n<\/ul>\n<p>&nbsp;<\/p>\n<h2 class=\"titre-paragraphe\">simulation d&rsquo;inspection<\/h2>\n<p>Les fonctionnalit\u00e9s disponibles dans le module de simulation d\u2019inspection ET sont\u00a0:<\/p>\n<ul class=\"liste-carres-noirs\">\n<li>Composants de g\u00e9om\u00e9trie plane et cylindrique<\/li>\n<li>Mat\u00e9riaux conducteurs non-ferromagn\u00e9tiques<\/li>\n<li>Bobine de surface (noyau \u00e0 air ou noyau de ferrite cylindrique), sonde axiale<\/li>\n<li>Capteurs \u00e0 fonction commune ou \u00e0 \u00e9mission\/r\u00e9ception s\u00e9par\u00e9e<\/li>\n<li>Simulation de trou cylindrique dans les tubes ou d\u2019entaille dans une plaque<\/li>\n<li>Fr\u00e9quence d\u2019essai variable<\/li>\n<li>Mode absolu ou diff\u00e9rentiel<\/li>\n<\/ul>\n<p>&nbsp;<\/p>\n<h3 class=\"titre-paragraphe\">Exemples de simulations<\/h3>\n<p>La simulation d\u2019inspection dans le module ET de <span class=\"g-color1\">CIVA<\/span> <span class=\"g-color3\">Education<\/span> peut reproduire des signaux de Courants de Foucault typiques et vous aider dans les contextes suivants\u00a0:<\/p>\n<ul class=\"liste-carres-noirs\">\n<li>Pour expliquer les principaux modes d\u2019acquisition\u00a0: <span class=\"g-color2\">fonctions s\u00e9par\u00e9s ou communes, mesure absolue ou diff\u00e9rentielle<\/span>.<\/li>\n<li>Simuler la mise en oeuvre de l&rsquo;<span class=\"g-color2\">inspection d\u2019un tube<\/span> classique et expliquer l\u2019usage de la phase pour la caract\u00e9risation du d\u00e9faut.<\/li>\n<li>Illustrer les <span class=\"g-color2\">signaux obtenus \u00e0 la fr\u00e9quence de quadrature<\/span> pour les diff\u00e9rentes profondeurs de d\u00e9fauts dans l\u2019inspection d\u2019un tube.<\/li>\n<\/ul>\n<p>&nbsp;<\/p>\n<p style=\"text-align: center;\"><a href=\"https:\/\/extende.realisateurweb.com\/wp-content\/uploads\/CIVA_ET_Tube_Inspection_Quadrature_Frequency.jpg\" target=\"_blank\" rel=\"noopener\"><img loading=\"lazy\" decoding=\"async\" class=\"border aligncenter wp-image-5151\" src=\"https:\/\/extende.realisateurweb.com\/wp-content\/uploads\/CIVA_ET_Tube_Inspection_Quadrature_Frequency.jpg\" alt=\"\" width=\"629\" height=\"300\" srcset=\"https:\/\/extende.realisateurweb.com\/wp-content\/uploads\/CIVA_ET_Tube_Inspection_Quadrature_Frequency.jpg 1600w, https:\/\/extende.realisateurweb.com\/wp-content\/uploads\/CIVA_ET_Tube_Inspection_Quadrature_Frequency-300x143.jpg 300w, https:\/\/extende.realisateurweb.com\/wp-content\/uploads\/CIVA_ET_Tube_Inspection_Quadrature_Frequency-1024x488.jpg 1024w, https:\/\/extende.realisateurweb.com\/wp-content\/uploads\/CIVA_ET_Tube_Inspection_Quadrature_Frequency-768x366.jpg 768w, https:\/\/extende.realisateurweb.com\/wp-content\/uploads\/CIVA_ET_Tube_Inspection_Quadrature_Frequency-1536x732.jpg 1536w, https:\/\/extende.realisateurweb.com\/wp-content\/uploads\/CIVA_ET_Tube_Inspection_Quadrature_Frequency-600x286.jpg 600w, https:\/\/extende.realisateurweb.com\/wp-content\/uploads\/CIVA_ET_Tube_Inspection_Quadrature_Frequency-1400x668.jpg 1400w\" sizes=\"auto, (max-width: 629px) 100vw, 629px\" \/><\/a><\/p>\n<p>&nbsp;<\/p>\n<ul class=\"liste-carres-noirs\">\n<li>Mettre en avant l&rsquo;<span class=\"g-color2\">influence du taux de remplissage<\/span> sur la sensibilit\u00e9 d\u2019inspection.<\/li>\n<\/ul>\n<p>&nbsp;<\/p>\n<p style=\"text-align: center;\"><a href=\"https:\/\/extende.realisateurweb.com\/wp-content\/uploads\/CIVA_ET_Influence_Filling_Rate_75pc_85pc-scaled.jpg\" target=\"_blank\" rel=\"noopener\"><img loading=\"lazy\" decoding=\"async\" class=\"border aligncenter wp-image-5152\" src=\"https:\/\/extende.realisateurweb.com\/wp-content\/uploads\/CIVA_ET_Influence_Filling_Rate_75pc_85pc-scaled.jpg\" alt=\"\" width=\"626\" height=\"300\" srcset=\"https:\/\/extende.realisateurweb.com\/wp-content\/uploads\/CIVA_ET_Influence_Filling_Rate_75pc_85pc-scaled.jpg 1600w, https:\/\/extende.realisateurweb.com\/wp-content\/uploads\/CIVA_ET_Influence_Filling_Rate_75pc_85pc-300x144.jpg 300w, https:\/\/extende.realisateurweb.com\/wp-content\/uploads\/CIVA_ET_Influence_Filling_Rate_75pc_85pc-1024x491.jpg 1024w, https:\/\/extende.realisateurweb.com\/wp-content\/uploads\/CIVA_ET_Influence_Filling_Rate_75pc_85pc-768x368.jpg 768w, https:\/\/extende.realisateurweb.com\/wp-content\/uploads\/CIVA_ET_Influence_Filling_Rate_75pc_85pc-1536x736.jpg 1536w, https:\/\/extende.realisateurweb.com\/wp-content\/uploads\/CIVA_ET_Influence_Filling_Rate_75pc_85pc-600x288.jpg 600w, https:\/\/extende.realisateurweb.com\/wp-content\/uploads\/CIVA_ET_Influence_Filling_Rate_75pc_85pc-1400x671.jpg 1400w\" sizes=\"auto, (max-width: 626px) 100vw, 626px\" \/><\/a><\/p>\n<p>&nbsp;<\/p>\n<ul class=\"liste-carres-noirs\">\n<li>Montrer l&rsquo;<span class=\"g-color2\">impact de la vitesse d\u2019inspection<\/span> sur la r\u00e9solution du signal pour une fr\u00e9quence op\u00e9rationnelle donn\u00e9e.<\/li>\n<li>Illustrer l&rsquo;<span class=\"g-color2\">impact de la taille de la bobine<\/span> sur une r\u00e9ponse obtenue pour un d\u00e9faut donn\u00e9.<\/li>\n<li>Voir ce qu\u2019il se passe si vous appliquez ou non la \u00ab\u00a0<span class=\"g-color2\">loi de similitude<\/span>\u00a0\u00bb sur un signal de d\u00e9faut.<\/li>\n<li>Evaluer l&rsquo;<span class=\"g-color2\">impact de la conductivit\u00e9 du mat\u00e9riau<\/span> sur le signal obtenu pour un m\u00eame d\u00e9faut.<\/li>\n<\/ul>\n<p>&nbsp;<\/p>\n<p style=\"text-align: center;\"><a title=\")\" href=\"https:\/\/extende.realisateurweb.com\/wp-content\/uploads\/CIVA_ET_Impact_Material_Grade_Stainless_Steel_Sensitivity_Defect.jpg\" target=\"_blank\" rel=\"noopener\"><img loading=\"lazy\" decoding=\"async\" class=\"border aligncenter wp-image-5153\" src=\"https:\/\/extende.realisateurweb.com\/wp-content\/uploads\/CIVA_ET_Impact_Material_Grade_Stainless_Steel_Sensitivity_Defect.jpg\" alt=\"\" width=\"606\" height=\"300\" srcset=\"https:\/\/extende.realisateurweb.com\/wp-content\/uploads\/CIVA_ET_Impact_Material_Grade_Stainless_Steel_Sensitivity_Defect.jpg 1599w, https:\/\/extende.realisateurweb.com\/wp-content\/uploads\/CIVA_ET_Impact_Material_Grade_Stainless_Steel_Sensitivity_Defect-300x149.jpg 300w, https:\/\/extende.realisateurweb.com\/wp-content\/uploads\/CIVA_ET_Impact_Material_Grade_Stainless_Steel_Sensitivity_Defect-1024x507.jpg 1024w, https:\/\/extende.realisateurweb.com\/wp-content\/uploads\/CIVA_ET_Impact_Material_Grade_Stainless_Steel_Sensitivity_Defect-768x380.jpg 768w, https:\/\/extende.realisateurweb.com\/wp-content\/uploads\/CIVA_ET_Impact_Material_Grade_Stainless_Steel_Sensitivity_Defect-1536x761.jpg 1536w, https:\/\/extende.realisateurweb.com\/wp-content\/uploads\/CIVA_ET_Impact_Material_Grade_Stainless_Steel_Sensitivity_Defect-600x297.jpg 600w, https:\/\/extende.realisateurweb.com\/wp-content\/uploads\/CIVA_ET_Impact_Material_Grade_Stainless_Steel_Sensitivity_Defect-1400x693.jpg 1400w\" sizes=\"auto, (max-width: 606px) 100vw, 606px\" \/><\/a><\/p>\n<p>&nbsp;<\/p>\n<ul class=\"liste-carres-noirs\">\n<li>Visualiser la <span class=\"g-color2\">s\u00e9paration en phase entre le Lift-off et le signal du d\u00e9faut<\/span> en fonction de la sonde et de la fr\u00e9quence d\u2019essai.<\/li>\n<li>Etc.<\/li>\n<\/ul>\n","protected":false},"excerpt":{"rendered":"<p>Contr\u00f4le par Courants de Foucault avec CIVA, logiciel de simulation \u00e9ducatif<\/p>\n","protected":false},"author":2,"featured_media":0,"parent":4781,"menu_order":1,"comment_status":"closed","ping_status":"closed","template":"templates\/page--extende.html.php","meta":{"_acf_changed":false,"footnotes":""},"class_list":["post-5155","page","type-page","status-publish","hentry"],"acf":[],"_links":{"self":[{"href":"https:\/\/extende.realisateurweb.com\/fr\/wp-json\/wp\/v2\/pages\/5155","targetHints":{"allow":["GET"]}}],"collection":[{"href":"https:\/\/extende.realisateurweb.com\/fr\/wp-json\/wp\/v2\/pages"}],"about":[{"href":"https:\/\/extende.realisateurweb.com\/fr\/wp-json\/wp\/v2\/types\/page"}],"author":[{"embeddable":true,"href":"https:\/\/extende.realisateurweb.com\/fr\/wp-json\/wp\/v2\/users\/2"}],"replies":[{"embeddable":true,"href":"https:\/\/extende.realisateurweb.com\/fr\/wp-json\/wp\/v2\/comments?post=5155"}],"version-history":[{"count":2,"href":"https:\/\/extende.realisateurweb.com\/fr\/wp-json\/wp\/v2\/pages\/5155\/revisions"}],"predecessor-version":[{"id":6637,"href":"https:\/\/extende.realisateurweb.com\/fr\/wp-json\/wp\/v2\/pages\/5155\/revisions\/6637"}],"up":[{"embeddable":true,"href":"https:\/\/extende.realisateurweb.com\/fr\/wp-json\/wp\/v2\/pages\/4781"}],"wp:attachment":[{"href":"https:\/\/extende.realisateurweb.com\/fr\/wp-json\/wp\/v2\/media?parent=5155"}],"curies":[{"name":"wp","href":"https:\/\/api.w.org\/{rel}","templated":true}]}}