{"id":5215,"date":"2025-06-24T18:45:12","date_gmt":"2025-06-24T16:45:12","guid":{"rendered":"https:\/\/extende.realisateurweb.com\/civa-logiciel-de-simulation-cnd\/a-propos-de-civa\/cas-dapplication-cnd-civa\/en-parallele-evaluer-limpact-de-facteurs-de-degradation\/"},"modified":"2025-07-16T17:03:36","modified_gmt":"2025-07-16T15:03:36","slug":"en-parallele-evaluer-limpact-de-facteurs-de-degradation","status":"publish","type":"page","link":"https:\/\/extende.realisateurweb.com\/fr\/civa-logiciel-de-simulation-cnd\/a-propos-de-civa\/cas-dapplication-cnd-civa\/en-parallele-evaluer-limpact-de-facteurs-de-degradation\/","title":{"rendered":"En parall\u00e8le : Evaluer l&rsquo;impact de facteurs de d\u00e9gradation"},"content":{"rendered":"<div style=\"text-align: center;\"><img loading=\"lazy\" decoding=\"async\" class=\"aligncenter wp-image-5214 size-full\" src=\"https:\/\/extende.realisateurweb.com\/wp-content\/uploads\/CIVA_Application_Case_4_Top_FR.jpg\" alt=\"\" width=\"793\" height=\"592\" align=\"\" srcset=\"https:\/\/extende.realisateurweb.com\/wp-content\/uploads\/CIVA_Application_Case_4_Top_FR.jpg 793w, https:\/\/extende.realisateurweb.com\/wp-content\/uploads\/CIVA_Application_Case_4_Top_FR-300x224.jpg 300w, https:\/\/extende.realisateurweb.com\/wp-content\/uploads\/CIVA_Application_Case_4_Top_FR-768x573.jpg 768w, https:\/\/extende.realisateurweb.com\/wp-content\/uploads\/CIVA_Application_Case_4_Top_FR-600x448.jpg 600w\" sizes=\"auto, (max-width: 793px) 100vw, 793px\" \/><\/div>\n<p>&nbsp;<\/p>\n<p>Le quatri\u00e8me cas d&rsquo;application de <span class=\"g-color1\">CIVA<\/span>, <span class=\"g-color2\">En parall\u00e8le : Evaluer l&rsquo;impact de facteurs de d\u00e9gradation<\/span>, est disponible dans les langues suivantes :<\/p>\n<p><a class=\"lien\" title=\"\" href=\"https:\/\/extende.realisateurweb.com\/wp-content\/uploads\/CIVA_Application_Case_4_DE.pdf\" target=\"_blank\" rel=\"noopener\"><span class=\"g-color1\"><img loading=\"lazy\" decoding=\"async\" class=\"alignnone wp-image-4811\" src=\"https:\/\/extende.realisateurweb.com\/wp-content\/uploads\/actu-de.png\" alt=\"\" width=\"19\" height=\"19\" align=\"absmiddle\" \/> Allemand<\/span><\/a><br \/>\n<a class=\"lien\" title=\"\" href=\"https:\/\/extende.realisateurweb.com\/wp-content\/uploads\/CIVA_Application_Case_4_EN.pdf\" target=\"_blank\" rel=\"noopener\"><span class=\"g-color1\"><img loading=\"lazy\" decoding=\"async\" class=\"alignnone wp-image-4816\" src=\"https:\/\/extende.realisateurweb.com\/wp-content\/uploads\/actu-gb.png\" alt=\"\" width=\"19\" height=\"19\" align=\"absmiddle\" \/> Anglais<\/span><\/a><br \/>\n<a class=\"lien\" title=\"\" href=\"https:\/\/extende.realisateurweb.com\/wp-content\/uploads\/CIVA_Application_Case_4_CN.pdf\" target=\"_blank\" rel=\"noopener\"><span class=\"g-color1\"><img loading=\"lazy\" decoding=\"async\" class=\"alignnone wp-image-4796\" src=\"https:\/\/extende.realisateurweb.com\/wp-content\/uploads\/actu-cn.png\" alt=\"\" width=\"19\" height=\"19\" align=\"absmiddle\" \/> Chinois<\/span><\/a><br \/>\n<a class=\"lien\" title=\"\" href=\"https:\/\/extende.realisateurweb.com\/wp-content\/uploads\/CIVA_Application_Case_4_KR.pdf\" target=\"_blank\" rel=\"noopener\"><span class=\"g-color1\"><img loading=\"lazy\" decoding=\"async\" class=\"alignnone wp-image-4798\" src=\"https:\/\/extende.realisateurweb.com\/wp-content\/uploads\/actu-kr.png\" alt=\"\" width=\"19\" height=\"19\" align=\"absmiddle\" \/> Cor\u00e9en<\/span><\/a><br \/>\n<a class=\"lien\" title=\"\" href=\"https:\/\/extende.realisateurweb.com\/wp-content\/uploads\/CIVA_Application_Case_4_ES.pdf\" target=\"_blank\" rel=\"noopener\"><span class=\"g-color1\"><img loading=\"lazy\" decoding=\"async\" class=\"alignnone wp-image-4813\" src=\"https:\/\/extende.realisateurweb.com\/wp-content\/uploads\/actu-es.png\" alt=\"\" width=\"19\" height=\"19\" align=\"absmiddle\" \/> Espagnol<\/span><\/a><br \/>\n<a class=\"lien\" title=\"\" href=\"https:\/\/extende.realisateurweb.com\/wp-content\/uploads\/CIVA_Application_Case_4_FR.pdf\" target=\"_blank\" rel=\"noopener\"><span class=\"g-color1\"><img loading=\"lazy\" decoding=\"async\" class=\"alignnone wp-image-4815\" src=\"https:\/\/extende.realisateurweb.com\/wp-content\/uploads\/actu-fr-1.png\" alt=\"\" width=\"19\" height=\"19\" align=\"absmiddle\" \/> Fran\u00e7ais<\/span><\/a><br \/>\n<a class=\"lien\" title=\"\" href=\"https:\/\/extende.realisateurweb.com\/wp-content\/uploads\/CIVA_Application_Case_4_IT.pdf\" target=\"_blank\" rel=\"noopener\"><span class=\"g-color1\"><img loading=\"lazy\" decoding=\"async\" class=\"alignnone wp-image-4823\" src=\"https:\/\/extende.realisateurweb.com\/wp-content\/uploads\/actu-it.png\" alt=\"\" width=\"19\" height=\"19\" align=\"absmiddle\" \/> Italien<\/span><\/a><br \/>\n<a class=\"lien\" title=\"\" href=\"https:\/\/extende.realisateurweb.com\/wp-content\/uploads\/CIVA_Application_Case_4_PT.pdf\" target=\"_blank\" rel=\"noopener\"><span class=\"g-color1\"><img loading=\"lazy\" decoding=\"async\" class=\"alignnone wp-image-4830\" src=\"https:\/\/extende.realisateurweb.com\/wp-content\/uploads\/actu-pt.png\" alt=\"\" width=\"19\" height=\"19\" align=\"absmiddle\" \/> Portugais<\/span><\/a><br \/>\n<a class=\"lien\" title=\"\" href=\"https:\/\/extende.realisateurweb.com\/wp-content\/uploads\/CIVA_Application_Case_4_RU.pdf\" target=\"_blank\" rel=\"noopener\"><span class=\"g-color1\"><img loading=\"lazy\" decoding=\"async\" class=\"alignnone wp-image-2845\" src=\"https:\/\/extende.realisateurweb.com\/wp-content\/uploads\/actu-ru.png\" alt=\"\" width=\"19\" height=\"19\" align=\"absmiddle\" \/> Russe<\/span><\/a><\/p>\n","protected":false},"excerpt":{"rendered":"<p>Evaluer l&rsquo;impact de facteurs de d\u00e9gradation, contr\u00f4le courants de Foucault, simulation ET, R\u00e9ponse d\u2019un d\u00e9faut vs entrefer et orientation de la sonde<\/p>\n","protected":false},"author":2,"featured_media":0,"parent":4843,"menu_order":3,"comment_status":"closed","ping_status":"closed","template":"templates\/page--extende.html.php","meta":{"_acf_changed":false,"footnotes":""},"class_list":["post-5215","page","type-page","status-publish","hentry"],"acf":[],"_links":{"self":[{"href":"https:\/\/extende.realisateurweb.com\/fr\/wp-json\/wp\/v2\/pages\/5215","targetHints":{"allow":["GET"]}}],"collection":[{"href":"https:\/\/extende.realisateurweb.com\/fr\/wp-json\/wp\/v2\/pages"}],"about":[{"href":"https:\/\/extende.realisateurweb.com\/fr\/wp-json\/wp\/v2\/types\/page"}],"author":[{"embeddable":true,"href":"https:\/\/extende.realisateurweb.com\/fr\/wp-json\/wp\/v2\/users\/2"}],"replies":[{"embeddable":true,"href":"https:\/\/extende.realisateurweb.com\/fr\/wp-json\/wp\/v2\/comments?post=5215"}],"version-history":[{"count":2,"href":"https:\/\/extende.realisateurweb.com\/fr\/wp-json\/wp\/v2\/pages\/5215\/revisions"}],"predecessor-version":[{"id":6410,"href":"https:\/\/extende.realisateurweb.com\/fr\/wp-json\/wp\/v2\/pages\/5215\/revisions\/6410"}],"up":[{"embeddable":true,"href":"https:\/\/extende.realisateurweb.com\/fr\/wp-json\/wp\/v2\/pages\/4843"}],"wp:attachment":[{"href":"https:\/\/extende.realisateurweb.com\/fr\/wp-json\/wp\/v2\/media?parent=5215"}],"curies":[{"name":"wp","href":"https:\/\/api.w.org\/{rel}","templated":true}]}}