{"id":5280,"date":"2025-06-24T18:45:48","date_gmt":"2025-06-24T16:45:48","guid":{"rendered":"https:\/\/extende.realisateurweb.com\/civa-logiciel-de-simulation-cnd\/a-propos-de-civa\/cas-dapplication-cnd-civa\/en-amont-fiabiliser-vos-courbes-pod\/"},"modified":"2025-07-16T17:20:01","modified_gmt":"2025-07-16T15:20:01","slug":"en-amont-fiabiliser-vos-courbes-pod","status":"publish","type":"page","link":"https:\/\/extende.realisateurweb.com\/fr\/civa-logiciel-de-simulation-cnd\/a-propos-de-civa\/cas-dapplication-cnd-civa\/en-amont-fiabiliser-vos-courbes-pod\/","title":{"rendered":"En amont : Fiabiliser vos courbes POD"},"content":{"rendered":"<div style=\"text-align: center;\"><img loading=\"lazy\" decoding=\"async\" class=\"aligncenter wp-image-5279 size-full\" src=\"https:\/\/extende.realisateurweb.com\/wp-content\/uploads\/CIVA_Application_Case_9_Top_FR.jpg\" alt=\"\" width=\"793\" height=\"592\" align=\"\" srcset=\"https:\/\/extende.realisateurweb.com\/wp-content\/uploads\/CIVA_Application_Case_9_Top_FR.jpg 793w, https:\/\/extende.realisateurweb.com\/wp-content\/uploads\/CIVA_Application_Case_9_Top_FR-300x224.jpg 300w, https:\/\/extende.realisateurweb.com\/wp-content\/uploads\/CIVA_Application_Case_9_Top_FR-768x573.jpg 768w, https:\/\/extende.realisateurweb.com\/wp-content\/uploads\/CIVA_Application_Case_9_Top_FR-600x448.jpg 600w\" sizes=\"auto, (max-width: 793px) 100vw, 793px\" \/><\/div>\n<p>&nbsp;<\/p>\n<p>Le neuvi\u00e8me cas d&rsquo;application de <span class=\"g-color1\">CIVA<\/span>, <span class=\"g-color2\">En amont : Fiabiliser vos courbes POD<\/span>, est disponible dans les langues suivantes :<\/p>\n<p><a class=\"lien\" title=\"\" href=\"https:\/\/extende.realisateurweb.com\/wp-content\/uploads\/CIVA_Application_Case_9_DE.pdf\" target=\"_blank\" rel=\"noopener\"><span class=\"g-color1\"><img loading=\"lazy\" decoding=\"async\" class=\"alignnone wp-image-4811\" src=\"https:\/\/extende.realisateurweb.com\/wp-content\/uploads\/actu-de.png\" alt=\"\" width=\"19\" height=\"19\" align=\"absmiddle\" \/> Allemand<\/span><\/a><br \/>\n<a class=\"lien\" title=\"\" href=\"https:\/\/extende.realisateurweb.com\/wp-content\/uploads\/CIVA_Application_Case_9_EN.pdf\" target=\"_blank\" rel=\"noopener\"><span class=\"g-color1\"><img loading=\"lazy\" decoding=\"async\" class=\"alignnone wp-image-4816\" src=\"https:\/\/extende.realisateurweb.com\/wp-content\/uploads\/actu-gb.png\" alt=\"\" width=\"19\" height=\"19\" align=\"absmiddle\" \/> Anglais<\/span><\/a><br \/>\n<a class=\"lien\" title=\"\" href=\"https:\/\/extende.realisateurweb.com\/wp-content\/uploads\/CIVA_Application_Case_9_CN.pdf\" target=\"_blank\" rel=\"noopener\"><span class=\"g-color1\"><img loading=\"lazy\" decoding=\"async\" class=\"alignnone wp-image-4796\" src=\"https:\/\/extende.realisateurweb.com\/wp-content\/uploads\/actu-cn.png\" alt=\"\" width=\"19\" height=\"19\" align=\"absmiddle\" \/> Chinois<\/span><\/a><br \/>\n<a class=\"lien\" title=\"\" href=\"https:\/\/extende.realisateurweb.com\/wp-content\/uploads\/CIVA_Application_Case_9_KR.pdf\" target=\"_blank\" rel=\"noopener\"><span class=\"g-color1\"><img loading=\"lazy\" decoding=\"async\" class=\"alignnone wp-image-4798\" src=\"https:\/\/extende.realisateurweb.com\/wp-content\/uploads\/actu-kr.png\" alt=\"\" width=\"19\" height=\"19\" align=\"absmiddle\" \/> Cor\u00e9en<\/span><\/a><br \/>\n<a class=\"lien\" title=\"\" href=\"https:\/\/extende.realisateurweb.com\/wp-content\/uploads\/CIVA_Application_Case_9_ES.pdf\" target=\"_blank\" rel=\"noopener\"><span class=\"g-color1\"><img loading=\"lazy\" decoding=\"async\" class=\"alignnone wp-image-4813\" src=\"https:\/\/extende.realisateurweb.com\/wp-content\/uploads\/actu-es.png\" alt=\"\" width=\"19\" height=\"19\" align=\"absmiddle\" \/> Espagnol<\/span><\/a><br \/>\n<a class=\"lien\" title=\"\" href=\"https:\/\/extende.realisateurweb.com\/wp-content\/uploads\/CIVA_Application_Case_9_FR.pdf\" target=\"_blank\" rel=\"noopener\"><span class=\"g-color1\"><img loading=\"lazy\" decoding=\"async\" class=\"alignnone wp-image-4815\" src=\"https:\/\/extende.realisateurweb.com\/wp-content\/uploads\/actu-fr-1.png\" alt=\"\" width=\"19\" height=\"19\" align=\"absmiddle\" \/> Fran\u00e7ais<\/span><\/a><br \/>\n<a class=\"lien\" title=\"\" href=\"https:\/\/extende.realisateurweb.com\/wp-content\/uploads\/CIVA_Application_Case_9_IT.pdf\" target=\"_blank\" rel=\"noopener\"><span class=\"g-color1\"><img loading=\"lazy\" decoding=\"async\" class=\"alignnone wp-image-4823\" src=\"https:\/\/extende.realisateurweb.com\/wp-content\/uploads\/actu-it.png\" alt=\"\" width=\"19\" height=\"19\" align=\"absmiddle\" \/> Italien<\/span><\/a><br \/>\n<a class=\"lien\" title=\"\" href=\"https:\/\/extende.realisateurweb.com\/wp-content\/uploads\/CIVA_Application_Case_9_PT.pdf\" target=\"_blank\" rel=\"noopener\"><span class=\"g-color1\"><img loading=\"lazy\" decoding=\"async\" class=\"alignnone wp-image-4830\" src=\"https:\/\/extende.realisateurweb.com\/wp-content\/uploads\/actu-pt.png\" alt=\"\" width=\"19\" height=\"19\" align=\"absmiddle\" \/> Portugais<\/span><\/a><br \/>\n<a class=\"lien\" title=\"\" href=\"https:\/\/extende.realisateurweb.com\/wp-content\/uploads\/CIVA_Application_Case_9_RU.pdf\" target=\"_blank\" rel=\"noopener\"><span class=\"g-color1\"><img loading=\"lazy\" decoding=\"async\" class=\"alignnone wp-image-2845\" src=\"https:\/\/extende.realisateurweb.com\/wp-content\/uploads\/actu-ru.png\" alt=\"\" width=\"19\" height=\"19\" align=\"absmiddle\" \/> Russe<\/span><\/a><\/p>\n","protected":false},"excerpt":{"rendered":"<p>Fiabiliser vos courbes POD, probabilit\u00e9 de d\u00e9tection, am\u00e9liorer les POD, comprendre la courbe POD<\/p>\n","protected":false},"author":2,"featured_media":0,"parent":4843,"menu_order":8,"comment_status":"closed","ping_status":"closed","template":"templates\/page--extende.html.php","meta":{"_acf_changed":false,"footnotes":""},"class_list":["post-5280","page","type-page","status-publish","hentry"],"acf":[],"_links":{"self":[{"href":"https:\/\/extende.realisateurweb.com\/fr\/wp-json\/wp\/v2\/pages\/5280","targetHints":{"allow":["GET"]}}],"collection":[{"href":"https:\/\/extende.realisateurweb.com\/fr\/wp-json\/wp\/v2\/pages"}],"about":[{"href":"https:\/\/extende.realisateurweb.com\/fr\/wp-json\/wp\/v2\/types\/page"}],"author":[{"embeddable":true,"href":"https:\/\/extende.realisateurweb.com\/fr\/wp-json\/wp\/v2\/users\/2"}],"replies":[{"embeddable":true,"href":"https:\/\/extende.realisateurweb.com\/fr\/wp-json\/wp\/v2\/comments?post=5280"}],"version-history":[{"count":2,"href":"https:\/\/extende.realisateurweb.com\/fr\/wp-json\/wp\/v2\/pages\/5280\/revisions"}],"predecessor-version":[{"id":6424,"href":"https:\/\/extende.realisateurweb.com\/fr\/wp-json\/wp\/v2\/pages\/5280\/revisions\/6424"}],"up":[{"embeddable":true,"href":"https:\/\/extende.realisateurweb.com\/fr\/wp-json\/wp\/v2\/pages\/4843"}],"wp:attachment":[{"href":"https:\/\/extende.realisateurweb.com\/fr\/wp-json\/wp\/v2\/media?parent=5280"}],"curies":[{"name":"wp","href":"https:\/\/api.w.org\/{rel}","templated":true}]}}