{"id":5337,"date":"2025-06-24T18:46:16","date_gmt":"2025-06-24T16:46:16","guid":{"rendered":"https:\/\/extende.realisateurweb.com\/civa-logiciel-de-simulation-cnd\/a-propos-de-civa\/cas-dapplication-cnd-civa\/en-amont-optimiser-les-inspections-cnd-de-rails-et-dessieux\/"},"modified":"2025-07-16T17:27:32","modified_gmt":"2025-07-16T15:27:32","slug":"en-amont-optimiser-les-inspections-cnd-de-rails-et-dessieux","status":"publish","type":"page","link":"https:\/\/extende.realisateurweb.com\/fr\/civa-logiciel-de-simulation-cnd\/a-propos-de-civa\/cas-dapplication-cnd-civa\/en-amont-optimiser-les-inspections-cnd-de-rails-et-dessieux\/","title":{"rendered":"En amont : Optimiser les inspections CND de rails et d&rsquo;essieux"},"content":{"rendered":"<div style=\"text-align: center;\"><img loading=\"lazy\" decoding=\"async\" class=\"aligncenter wp-image-5333 size-full\" src=\"https:\/\/extende.realisateurweb.com\/wp-content\/uploads\/CIVA_Application_Case_14_Top_EN.jpg\" alt=\"\" width=\"793\" height=\"622\" align=\"\" srcset=\"https:\/\/extende.realisateurweb.com\/wp-content\/uploads\/CIVA_Application_Case_14_Top_EN.jpg 793w, https:\/\/extende.realisateurweb.com\/wp-content\/uploads\/CIVA_Application_Case_14_Top_EN-300x235.jpg 300w, https:\/\/extende.realisateurweb.com\/wp-content\/uploads\/CIVA_Application_Case_14_Top_EN-768x602.jpg 768w, https:\/\/extende.realisateurweb.com\/wp-content\/uploads\/CIVA_Application_Case_14_Top_EN-600x471.jpg 600w\" sizes=\"auto, (max-width: 793px) 100vw, 793px\" \/><\/div>\n<p>&nbsp;<\/p>\n<p>Le quatorzi\u00e8me cas d&rsquo;application de <span class=\"g-color1\">CIVA<\/span>, <span class=\"g-color2\">En amont : Optimiser les inspections CND de rails et d&rsquo;essieux<\/span>, est disponible dans la langue suivante :<\/p>\n<p><a class=\"lien\" title=\"\" href=\"https:\/\/extende.realisateurweb.com\/wp-content\/uploads\/CIVA_Application_Case_14_EN.pdf\" target=\"_blank\" rel=\"noopener\"><span class=\"g-color1\"><img loading=\"lazy\" decoding=\"async\" class=\"alignnone wp-image-4816\" src=\"https:\/\/extende.realisateurweb.com\/wp-content\/uploads\/actu-gb.png\" alt=\"\" width=\"19\" height=\"19\" align=\"absmiddle\" \/> Anglais<\/span><\/a><\/p>\n","protected":false},"excerpt":{"rendered":"<p>Optimiser vos d\u00e9marches de qualification en CND, Qualification de contr\u00f4le, r\u00e9duction des co\u00fbts de qualification, simulation de maquettes<\/p>\n","protected":false},"author":2,"featured_media":0,"parent":4843,"menu_order":13,"comment_status":"closed","ping_status":"closed","template":"templates\/page--extende.html.php","meta":{"_acf_changed":false,"footnotes":""},"class_list":["post-5337","page","type-page","status-publish","hentry"],"acf":[],"_links":{"self":[{"href":"https:\/\/extende.realisateurweb.com\/fr\/wp-json\/wp\/v2\/pages\/5337","targetHints":{"allow":["GET"]}}],"collection":[{"href":"https:\/\/extende.realisateurweb.com\/fr\/wp-json\/wp\/v2\/pages"}],"about":[{"href":"https:\/\/extende.realisateurweb.com\/fr\/wp-json\/wp\/v2\/types\/page"}],"author":[{"embeddable":true,"href":"https:\/\/extende.realisateurweb.com\/fr\/wp-json\/wp\/v2\/users\/2"}],"replies":[{"embeddable":true,"href":"https:\/\/extende.realisateurweb.com\/fr\/wp-json\/wp\/v2\/comments?post=5337"}],"version-history":[{"count":2,"href":"https:\/\/extende.realisateurweb.com\/fr\/wp-json\/wp\/v2\/pages\/5337\/revisions"}],"predecessor-version":[{"id":6438,"href":"https:\/\/extende.realisateurweb.com\/fr\/wp-json\/wp\/v2\/pages\/5337\/revisions\/6438"}],"up":[{"embeddable":true,"href":"https:\/\/extende.realisateurweb.com\/fr\/wp-json\/wp\/v2\/pages\/4843"}],"wp:attachment":[{"href":"https:\/\/extende.realisateurweb.com\/fr\/wp-json\/wp\/v2\/media?parent=5337"}],"curies":[{"name":"wp","href":"https:\/\/api.w.org\/{rel}","templated":true}]}}