{"id":5387,"date":"2025-06-24T18:49:41","date_gmt":"2025-06-24T16:49:41","guid":{"rendered":"https:\/\/extende.realisateurweb.com\/nos-services\/etudes-en-controle-non-destructif\/inversion-trl\/"},"modified":"2025-07-15T17:16:30","modified_gmt":"2025-07-15T15:16:30","slug":"inversion-trl","status":"publish","type":"page","link":"https:\/\/extende.realisateurweb.com\/fr\/nos-services\/etudes-en-controle-non-destructif\/inversion-trl\/","title":{"rendered":"Inversion TRL"},"content":{"rendered":"<div class=\"corner-wrapper\">\n<div class=\"corner-frame\">Dans le cadre de votre activit\u00e9 de CND, vous travaillez sur une inspection UT dont la proc\u00e9dure requiert la mise en \u0153uvre d&rsquo;une ou plusieurs sondes \u00e0 <span class=\"g-color2\">Emission \/ R\u00e9ception distinctes<\/span> (capteur de type SE, TRL, &#8230;). Vous souhaitez utiliser les b\u00e9n\u00e9fices de la mod\u00e9lisation <span class=\"g-color1\">CIVA<\/span>, mais vous n&rsquo;\u00eates pas s\u00fbr de la signification de certains param\u00e8tres d&rsquo;entr\u00e9e demand\u00e9s dans l&rsquo;interface <span class=\"g-color1\">CIVA<\/span> ou de la valeur \u00e0 saisir, et vous ne savez pas comment vous en sortir.<\/div>\n<\/div>\n<p>&nbsp;<\/p>\n<p><img decoding=\"async\" class=\"border alignright wp-image-233\" style=\"float: right; margin: 10px;\" src=\"https:\/\/extende.realisateurweb.com\/wp-content\/uploads\/Ingenierie.jpg\" alt=\"\" height=\"250\" srcset=\"https:\/\/extende.realisateurweb.com\/wp-content\/uploads\/Ingenierie.jpg 851w, https:\/\/extende.realisateurweb.com\/wp-content\/uploads\/Ingenierie-300x199.jpg 300w, https:\/\/extende.realisateurweb.com\/wp-content\/uploads\/Ingenierie-768x509.jpg 768w, https:\/\/extende.realisateurweb.com\/wp-content\/uploads\/Ingenierie-600x398.jpg 600w\" sizes=\"(max-width: 851px) 100vw, 851px\" \/>Pour <span class=\"g-color2\">mod\u00e9liser <\/span>correctement ce type de traducteur, vous devez conna\u00eetre de mani\u00e8re pr\u00e9cise la <span class=\"g-color2\">position et l\u2019orientation<\/span> de chaque pastille dans le capteur, car ces param\u00e8tres sont directement li\u00e9s aux caract\u00e9ristiques du <span class=\"g-color2\">faisceau acoustique<\/span> rayonn\u00e9. Une erreur sur un param\u00e8tre d\u2019entr\u00e9e peut par exemple entrainer une erreur sur la <span class=\"g-color2\">profondeur de focalisation<\/span> du faisceau, et donc conduire \u00e0 des r\u00e9sultats de simulation non repr\u00e9sentatifs de la r\u00e9alit\u00e9.<\/p>\n<p>&nbsp;<\/p>\n<p>Il est souvent plus d\u00e9licat d\u2019acc\u00e9der \u00e0 ces informations de position et d\u2019orientation de pastille que pour d\u2019autres traducteurs conventionnels, car les pastilles \u00e9mettrice et r\u00e9ceptrice sont <span class=\"g-color2\">positionn\u00e9es en 3D<\/span> et combinent au moins deux angles\u00a0: <span class=\"g-color2\">l\u2019angle d\u2019incidence<\/span> et <span class=\"g-color2\">l\u2019angle de toit<\/span>. On comprend ais\u00e9ment ce que signifient ces angles, mais identifier les valeurs \u00e0 entrer dans <span class=\"g-color1\">CIVA<\/span> \u00e0 partir de la seule fiche descriptive du fabricant est souvent complexe pour diff\u00e9rentes raisons. Tout d\u2019abord, la d\u00e9finition de l\u2019angle de toit n\u2019est pas forc\u00e9ment la m\u00eame entre les <span class=\"g-color2\">multiples fabricants<\/span> de capteurs et la convention choisie dans <span class=\"g-color1\">CIVA<\/span>. Puis, les rep\u00e8res dans lesquels ces angles sont exprim\u00e9s peuvent diff\u00e9rer d\u2019un fabricant \u00e0 l\u2019autre, et surtout ne pas co\u00efncider avec ceux de <span class=\"g-color1\">CIVA<\/span>. Enfin, ce genre de traducteur \u00e9tant souvent vu comme une <span class=\"g-color2\">\u00ab\u00a0boite noire\u00a0\u00bb<\/span>, il est en pratique assez compliqu\u00e9 de trouver les bonnes informations dans les fiches descriptives de fabricants, en particulier <span class=\"g-color2\">les rep\u00e8res<\/span> dans lesquels sont donn\u00e9s les diff\u00e9rents param\u00e8tres. Par ailleurs, les valeurs donn\u00e9es sur la fiche descriptive correspondent parfois \u00e0 des valeurs th\u00e9oriques ou approch\u00e9es, mais non mesur\u00e9es.<\/p>\n<p>&nbsp;<\/p>\n<p>Comme vous, nous avons \u00e9t\u00e9 confront\u00e9s maintes fois \u00e0 ces difficult\u00e9s, et avons mis au point des outils permettant de lever les barri\u00e8res et finalement d\u2019identifier les bons param\u00e8tres \u00e0 entrer dans <span class=\"g-color1\">CIVA<\/span> pour mod\u00e9liser de mani\u00e8re <span class=\"g-color2\">r\u00e9aliste<\/span> ce genre de traducteurs. Ces outils reposent sur la connaissance d\u2019une courbe d\u2019\u00e9talonnage (<span class=\"g-color2\">courbe CAD<\/span>) mesur\u00e9e avec le traducteur en question. En effet, connaissant cette courbe de r\u00e9f\u00e9rence propre au traducteur, il est possible de r\u00e9aliser une \u00e9tude it\u00e9rative par simulation consistant \u00e0 identifier de mani\u00e8re rigoureuse les param\u00e8tres \u00e0 injecter dans <span class=\"g-color1\">CIVA<\/span> pour reproduire au mieux cette courbe exp\u00e9rimentale et ainsi mod\u00e9liser le traducteur de fa\u00e7on la plus r\u00e9aliste possible. Plus exactement, nous simulerons une multitude de courbes CAD associ\u00e9es \u00e0 <span class=\"g-color2\">diverses combinaisons<\/span> de param\u00e8tres d\u2019entr\u00e9e du traducteur, et nous comparerons successivement chaque courbe simul\u00e9e avec la r\u00e9f\u00e9rence exp\u00e9rimentale, jusqu\u2019\u00e0 obtenir un accord <span class=\"g-color2\">satisfaisant<\/span>.<\/p>\n<p>&nbsp;<\/p>\n<p>Afin de vous faire <span class=\"g-color2\">b\u00e9n\u00e9ficier <\/span>de nos outils, nous vous proposons de r\u00e9aliser pour vous le travail <span class=\"g-color2\">d\u2019identification<\/span> des param\u00e8tres de mod\u00e9lisation de votre traducteur. Nous vous proposons pour cela une <span class=\"g-color2\">prestation de simulation<\/span> dont le prix d\u00e9pend du nombre de traducteurs que vous voulez simuler. Le tableau ci-dessous vous pr\u00e9sente les prix pour quelques possibilit\u00e9s, n\u2019h\u00e9sitez pas \u00e0 nous contacter pour connaitre notre tarif pour un nombre diff\u00e9rent de traducteurs.<\/p>\n<p>&nbsp;<\/p>\n<table class=\"aligncenter\" style=\"text-align: center;\" border=\"1px solid black\" align=\"center\">\n<tbody>\n<tr>\n<td style=\"border: 1px solid black;\" colspan=\"5\">Nombre de capteurs \u00e0 \u00e9tudier<\/td>\n<\/tr>\n<tr>\n<td style=\"width: 100px; border: 1px solid black;\">1<\/td>\n<td style=\"width: 100px; border: 1px solid black;\">2<\/td>\n<td style=\"width: 100px; border: 1px solid black;\">3<\/td>\n<td style=\"width: 100px; border: 1px solid black;\">5<\/td>\n<td style=\"width: 100px; border: 1px solid black;\">10<\/td>\n<\/tr>\n<tr>\n<td style=\"width: 100px; border: 1px solid black;\">2 800 \u20ac<\/td>\n<td style=\"width: 100px; border: 1px solid black;\">4 450 \u20ac<\/td>\n<td style=\"width: 100px; border: 1px solid black;\">5 990 \u20ac<\/td>\n<td style=\"width: 100px; border: 1px solid black;\">7 300 \u20ac<\/td>\n<td style=\"width: 100px; border: 1px solid black;\">12 650 \u20ac<\/td>\n<\/tr>\n<\/tbody>\n<\/table>\n<p>&nbsp;<\/p>\n<p>Apr\u00e8s r\u00e9alisation du travail, nous fournirons un <span class=\"g-color2\">document de synth\u00e8se<\/span> pr\u00e9sentant les r\u00e9sultats obtenus, ainsi qu\u2019un fichier de param\u00e8tre <span class=\"g-color1\">CIVA<\/span> (format *.xml) pour chacun des traducteurs \u00e9tudi\u00e9s, que vous pourrez directement charger dans <span class=\"g-color1\">CIVA<\/span> pour r\u00e9aliser vos simulations. L\u2019image ci-dessous illustre le <span class=\"g-color2\">type de r\u00e9sultat<\/span> que l\u2019on sera en mesure de vous fournir, \u00e0 savoir un graphe pr\u00e9sentant les centaines ou milliers de courbes CAD simul\u00e9es associ\u00e9es aux diverses combinaisons de donn\u00e9es d\u2019entr\u00e9e, et l\u2019identification de la courbe conduisant au <span class=\"g-color2\">meilleur compromis<\/span> par rapport \u00e0 la courbe de <span class=\"g-color2\">r\u00e9f\u00e9rence exp\u00e9rimentale<\/span>.<\/p>\n<p>&nbsp;<\/p>\n<p style=\"text-align: center;\"><img loading=\"lazy\" decoding=\"async\" class=\"alignnone wp-image-5382\" src=\"https:\/\/extende.realisateurweb.com\/wp-content\/uploads\/CIVA_TRL_Box-scaled.jpg\" alt=\"\" width=\"436\" height=\"230\" srcset=\"https:\/\/extende.realisateurweb.com\/wp-content\/uploads\/CIVA_TRL_Box-scaled.jpg 1600w, https:\/\/extende.realisateurweb.com\/wp-content\/uploads\/CIVA_TRL_Box-300x158.jpg 300w, https:\/\/extende.realisateurweb.com\/wp-content\/uploads\/CIVA_TRL_Box-1024x540.jpg 1024w, https:\/\/extende.realisateurweb.com\/wp-content\/uploads\/CIVA_TRL_Box-768x405.jpg 768w, https:\/\/extende.realisateurweb.com\/wp-content\/uploads\/CIVA_TRL_Box-1536x810.jpg 1536w, https:\/\/extende.realisateurweb.com\/wp-content\/uploads\/CIVA_TRL_Box-600x317.jpg 600w, https:\/\/extende.realisateurweb.com\/wp-content\/uploads\/CIVA_TRL_Box-1400x739.jpg 1400w\" sizes=\"auto, (max-width: 436px) 100vw, 436px\" \/> <img loading=\"lazy\" decoding=\"async\" class=\"border alignnone wp-image-5383\" src=\"https:\/\/extende.realisateurweb.com\/wp-content\/uploads\/Callibration_Curves_Example_FR.png\" alt=\"\" width=\"287\" height=\"230\" srcset=\"https:\/\/extende.realisateurweb.com\/wp-content\/uploads\/Callibration_Curves_Example_FR.png 808w, https:\/\/extende.realisateurweb.com\/wp-content\/uploads\/Callibration_Curves_Example_FR-300x241.png 300w, https:\/\/extende.realisateurweb.com\/wp-content\/uploads\/Callibration_Curves_Example_FR-768x616.png 768w, https:\/\/extende.realisateurweb.com\/wp-content\/uploads\/Callibration_Curves_Example_FR-600x481.png 600w\" sizes=\"auto, (max-width: 287px) 100vw, 287px\" \/><\/p>\n<p>&nbsp;<\/p>\n<p><a class=\"g-lien\" href=\"https:\/\/extende.realisateurweb.com\/fr\/contact\/\" target=\"_self\">Ecrivez-nous<\/a> pour en savoir plus, en nous donnant le nombre de traducteur que vous souhaitez \u00e9tudier, et en nous envoyant la <a class=\"pdf\" title=\"(Nouvelle fen\u00eatre)\" href=\"https:\/\/extende.realisateurweb.com\/wp-content\/uploads\/Inversion_TRL_Liste_Donnees_Entree.pdf\" target=\"_blank\" rel=\"noopener\">liste des donn\u00e9es d\u2019entr\u00e9es<\/a> pour chaque traducteur. D\u00e8s r\u00e9ception de votre demande et de ces donn\u00e9es, nous vous enverrons dans les plus brefs d\u00e9lais une proposition technique et commerciale d\u00e9crivant le cadre de la prestation avec le tarif et le d\u00e9lai de livraison.<\/p>\n","protected":false},"excerpt":{"rendered":"<p>Extende, Simulation en contr\u00f4le non destructif, logiciel CIVA, ultrasons, conception de sondes, offres packag\u00e9es, capteur TRL, capteur SE<\/p>\n","protected":false},"author":2,"featured_media":0,"parent":5348,"menu_order":1,"comment_status":"closed","ping_status":"closed","template":"templates\/page--extende.html.php","meta":{"_acf_changed":false,"footnotes":""},"class_list":["post-5387","page","type-page","status-publish","hentry"],"acf":[],"_links":{"self":[{"href":"https:\/\/extende.realisateurweb.com\/fr\/wp-json\/wp\/v2\/pages\/5387","targetHints":{"allow":["GET"]}}],"collection":[{"href":"https:\/\/extende.realisateurweb.com\/fr\/wp-json\/wp\/v2\/pages"}],"about":[{"href":"https:\/\/extende.realisateurweb.com\/fr\/wp-json\/wp\/v2\/types\/page"}],"author":[{"embeddable":true,"href":"https:\/\/extende.realisateurweb.com\/fr\/wp-json\/wp\/v2\/users\/2"}],"replies":[{"embeddable":true,"href":"https:\/\/extende.realisateurweb.com\/fr\/wp-json\/wp\/v2\/comments?post=5387"}],"version-history":[{"count":3,"href":"https:\/\/extende.realisateurweb.com\/fr\/wp-json\/wp\/v2\/pages\/5387\/revisions"}],"predecessor-version":[{"id":6316,"href":"https:\/\/extende.realisateurweb.com\/fr\/wp-json\/wp\/v2\/pages\/5387\/revisions\/6316"}],"up":[{"embeddable":true,"href":"https:\/\/extende.realisateurweb.com\/fr\/wp-json\/wp\/v2\/pages\/5348"}],"wp:attachment":[{"href":"https:\/\/extende.realisateurweb.com\/fr\/wp-json\/wp\/v2\/media?parent=5387"}],"curies":[{"name":"wp","href":"https:\/\/api.w.org\/{rel}","templated":true}]}}