{"id":5451,"date":"2025-06-24T18:51:18","date_gmt":"2025-06-24T16:51:18","guid":{"rendered":"https:\/\/extende.realisateurweb.com\/lentreprise\/qualite-surete-environnement\/"},"modified":"2025-07-17T12:14:35","modified_gmt":"2025-07-17T10:14:35","slug":"qualite-surete-environnement","status":"publish","type":"page","link":"https:\/\/extende.realisateurweb.com\/fr\/lentreprise\/qualite-surete-environnement\/","title":{"rendered":"Qualit\u00e9, S\u00fbret\u00e9, Environnement"},"content":{"rendered":"<h2>Certification ISO 9001<\/h2>\n<p><a href=\"https:\/\/extende.realisateurweb.com\/wp-content\/uploads\/ISO9001_Certification_FR.pdf\" target=\"_blank\" rel=\"noopener\"><img loading=\"lazy\" decoding=\"async\" class=\"alignright wp-image-5445\" src=\"https:\/\/extende.realisateurweb.com\/wp-content\/uploads\/Logo_ISO-9001-2015.png\" alt=\"\" width=\"150\" height=\"161\" \/><\/a>Depuis D\u00e9cembre 2011, EXTENDE est continuellement certifi\u00e9 ISO 9001.<\/p>\n<p>Cela implique qu&rsquo;EXTENDE a construit et applique un <span class=\"g-color2\">Syst\u00e8me de Management par la Qualit\u00e9<\/span> de mani\u00e8re \u00e0 s\u2019assurer que\u00a0<span class=\"g-color2\">les besoins de ses clients sont clairement compris, accept\u00e9s et combl\u00e9s<\/span>. En outre, EXTENDE s&rsquo;est engag\u00e9 dans des valeurs de priorit\u00e9 client, d\u2019\u00e9coute, de rigueur, d\u2019humilit\u00e9 technique et de confidentialit\u00e9.<\/p>\n<p>Ce SMQ couvre l&rsquo;ensemble de nos activit\u00e9s (Distribution de logiciels de simulations et d&rsquo;analyse, r\u00e9alisation de produits innovants, formation, \u00e9tudes et support technique dans le domaine des contr\u00f4les non destructifs).<\/p>\n<p>Notre num\u00e9ro d&rsquo;enregistrement (pour l&rsquo;ISO9001:2015) est le 10487010, et expire en Janvier 2026.<\/p>\n<p>&nbsp;<\/p>\n<h2 class=\"titre-paragraphe\">Certification ISO 19443<\/h2>\n<p><img loading=\"lazy\" decoding=\"async\" class=\"alignright wp-image-5445\" src=\"https:\/\/extende.realisateurweb.com\/wp-content\/uploads\/Logo_ISO-19443.png\" alt=\"\" width=\"150\" height=\"161\" \/>Depuis avril 2025, EXTENDE est certifi\u00e9 selon l&rsquo;ISO 19443, une extension de la norme ISO9001 pour les organisations impliqu\u00e9es dans le secteur nucl\u00e9aire et qui fournissent des produits ou services Importants Pour la Suret\u00e9 Nucl\u00e9aire (IPSN).<\/p>\n<p>Cela signifie qu&rsquo;EXTENDE a \u00e9tendu son Syst\u00e8me de Management par la Qualit\u00e9 pour r\u00e9pondre aux exigences sp\u00e9cifiques de l&rsquo;ISO19443 concernant <span class=\"g-color2\">son activit\u00e9 de consulting dans le domaine nucl\u00e9aire<\/span>.<\/p>\n<p>Cette certification d\u00e9montre l&rsquo;application r\u00e9elle de nos valeurs fondamentales : Rigueur, Efficacit\u00e9, une attitude interrogative, et une solide \u00ab\u00a0culture de suret\u00e9\u00a0\u00bb. Cela valide le but essentiel de notre entreprise qui est la pr\u00e9servation des structures, la suret\u00e9 nucl\u00e9aire, et par voie de cons\u00e9quence, la pr\u00e9servation de notre environnement.<\/p>\n<p>Notre num\u00e9ro d&rsquo;enregistrement (pour l&rsquo;ISO19443:2018) est le 10689042, et expire en Avril 2028.<\/p>\n<p>&nbsp;<\/p>\n<h2 class=\"titre-paragraphe\">Certification ISO 14001<\/h2>\n<p><a href=\"https:\/\/extende.realisateurweb.com\/wp-content\/uploads\/ISO14001_Certification_FR.pdf\" target=\"_blank\" rel=\"noopener\"><img decoding=\"async\" class=\"alignright wp-image-5445\" src=\"https:\/\/extende.realisateurweb.com\/wp-content\/uploads\/Logo_ISO-14001.png\" alt=\"\" width=\"150\" \/><\/a>Depuis D\u00e9cembre 2013, EXTENDE est \u00e9galement certifi\u00e9 ISO 14001. Notre Syst\u00e8me Qualit\u00e9 a \u00e9t\u00e9 enrichi pour int\u00e9grer la recherche de la r\u00e9duction de nos impacts environnementaux. Dans cette optique, EXTENDE a mis en place un certain nombre d&rsquo;indicateurs, visant \u00e0 limiter et \/ ou \u00e0 contr\u00f4ler son impact sur l\u2019environnement. Une charte des bonnes pratiques a \u00e9t\u00e9 instaur\u00e9e, afin d&rsquo;inciter tous les salari\u00e9s au recyclage et aux \u00e9conomies d&rsquo;\u00e9nergies.<\/p>\n<p>De plus, \u00e0 travers notre mission de porter les b\u00e9n\u00e9fices de la simulation et de la m\u00e9thodologie de d\u00e9veloppement des CND vers les entreprises, notre raison d&rsquo;\u00eatre est la pr\u00e9servation des structures et, par voie de cons\u00e9quence, la r\u00e9duction des risques de d\u00e9sastres environnementaux. La simulation des contr\u00f4les permet \u00e9galement de limiter l&rsquo;impact environnemental du CND (r\u00e9duction du nombre de maquettes, des d\u00e9chets, etc.).<\/p>\n<p>Notre num\u00e9ro d&rsquo;enregistrement (pour l&rsquo;ISO14001:2015) est le 10487008, et expire en Janvier 2026.<\/p>\n<p>&nbsp;<\/p>\n<p>Notre <a class=\"pdf\" href=\"https:\/\/extende.realisateurweb.com\/wp-content\/uploads\/MQ_FR.pdf\" target=\"_blank\" rel=\"noopener\">Manuel Qualit\u00e9 Environnement<\/a> est \u00e0 votre disposition.<\/p>\n<p>&nbsp;<\/p>\n<p>Pour en apprendre davantage sur la norme ISO, vous pouvez visiter la <a class=\"g-lien\" title=\"\" href=\"https:\/\/www.iso.org\/fr\/standards.html\" target=\"_blank\" rel=\"noopener\">page officielle<\/a>.<\/p>\n","protected":false},"excerpt":{"rendered":"<p>Certification ISO 9001 Depuis D\u00e9cembre 2011, EXTENDE est continuellement certifi\u00e9 ISO 9001. Cela implique qu&rsquo;EXTENDE a construit et applique un Syst\u00e8me de Management par la Qualit\u00e9 de mani\u00e8re \u00e0 s\u2019assurer que\u00a0les besoins de ses clients sont clairement compris, accept\u00e9s et combl\u00e9s. En outre, EXTENDE s&rsquo;est engag\u00e9 dans des valeurs de priorit\u00e9 client, d\u2019\u00e9coute, de rigueur, [&hellip;]<\/p>\n","protected":false},"author":2,"featured_media":0,"parent":5416,"menu_order":1,"comment_status":"closed","ping_status":"closed","template":"templates\/page--extende.html.php","meta":{"_acf_changed":false,"footnotes":""},"class_list":["post-5451","page","type-page","status-publish","hentry"],"acf":[],"_links":{"self":[{"href":"https:\/\/extende.realisateurweb.com\/fr\/wp-json\/wp\/v2\/pages\/5451","targetHints":{"allow":["GET"]}}],"collection":[{"href":"https:\/\/extende.realisateurweb.com\/fr\/wp-json\/wp\/v2\/pages"}],"about":[{"href":"https:\/\/extende.realisateurweb.com\/fr\/wp-json\/wp\/v2\/types\/page"}],"author":[{"embeddable":true,"href":"https:\/\/extende.realisateurweb.com\/fr\/wp-json\/wp\/v2\/users\/2"}],"replies":[{"embeddable":true,"href":"https:\/\/extende.realisateurweb.com\/fr\/wp-json\/wp\/v2\/comments?post=5451"}],"version-history":[{"count":3,"href":"https:\/\/extende.realisateurweb.com\/fr\/wp-json\/wp\/v2\/pages\/5451\/revisions"}],"predecessor-version":[{"id":6473,"href":"https:\/\/extende.realisateurweb.com\/fr\/wp-json\/wp\/v2\/pages\/5451\/revisions\/6473"}],"up":[{"embeddable":true,"href":"https:\/\/extende.realisateurweb.com\/fr\/wp-json\/wp\/v2\/pages\/5416"}],"wp:attachment":[{"href":"https:\/\/extende.realisateurweb.com\/fr\/wp-json\/wp\/v2\/media?parent=5451"}],"curies":[{"name":"wp","href":"https:\/\/api.w.org\/{rel}","templated":true}]}}