{"id":5455,"date":"2025-06-24T18:51:20","date_gmt":"2025-06-24T16:51:20","guid":{"rendered":"https:\/\/extende.realisateurweb.com\/lentreprise\/nos-valeurs\/"},"modified":"2025-07-15T16:42:26","modified_gmt":"2025-07-15T14:42:26","slug":"nos-valeurs","status":"publish","type":"page","link":"https:\/\/extende.realisateurweb.com\/fr\/lentreprise\/nos-valeurs\/","title":{"rendered":"Nos valeurs"},"content":{"rendered":"<h2 class=\"titre-paragraphe\">EXTENDE \u00e0 votre service<\/h2>\n<p>Nos valeurs fondatrices sont d\u2019affecter au service de nos clients une <span class=\"g-color2\">priorit\u00e9<\/span> absolue, d\u2019avoir une <span class=\"g-color2\">\u00e9coute<\/span> active de leurs probl\u00e9matiques permettant d\u2019identifier ensemble leurs attentes, de leur garantir la <span class=\"g-color2\">confidentialit\u00e9<\/span>, d\u2019apporter la plus grande <span class=\"g-color2\">rigueur<\/span> dans les t\u00e2ches accomplies et de conserver une r\u00e9elle <span class=\"g-color2\">humilit\u00e9 technique<\/span> face aux difficult\u00e9s et d\u00e9fis rencontr\u00e9s.<\/p>\n<p>Nos clients attendent de nous de la <span class=\"g-color2\">disponibilit\u00e9<\/span>, de la <span class=\"g-color2\">r\u00e9activit\u00e9<\/span> et bien s\u00fbr une r\u00e9elle <span class=\"g-color2\">expertise technique<\/span> qui permette de faire progresser les comp\u00e9tences de tous.<\/p>\n<p>Ces valeurs forment les fondations de notre <a class=\"g-lien\" href=\"https:\/\/extende.realisateurweb.com\/fr\/lentreprise\/qualite-surete-environnement\/\" target=\"_self\">syst\u00e8me de management par la qualit\u00e9<\/a>.<\/p>\n<p>De plus, nous sommes <span class=\"g-color2\">neutres<\/span> (pas d&rsquo;inspection sur le terrain) et <span class=\"g-color2\">ind\u00e9pendants<\/span> : notre diagnostic est <span class=\"g-color2\">impartial<\/span>.<\/p>\n<p>&nbsp;<\/p>\n<h2 class=\"titre-paragraphe\">EXTENDE va plus loin<\/h2>\n<p>Cr\u00e9er ensemble un monde plus s\u00fbr, innover plus sereinement et travailler en confiance, telles sont nos motivations et notre ambition.<\/p>\n<p>R\u00e9dig\u00e9e avec le soutien et la collaboration de l\u2019ensemble de l\u2019\u00e9quipe, notre <a class=\"g-lien\" href=\"https:\/\/extende.realisateurweb.com\/wp-content\/uploads\/Charte_Ethique_EXTENDE.pdf\" target=\"_blank\" rel=\"noopener\">Charte Ethique<\/a> compile l\u2019ensemble des valeurs qui nous semblent indispensables pour faire d&rsquo;<span class=\"g-color1\">EXTENDE<\/span> une entreprise socialement responsable, et au sein de laquelle chacun puisse trouver un cadre adapt\u00e9 \u00e0 l&rsquo;\u00e9panouissement de son potentiel : <span class=\"g-color2\">ouverture<\/span>, <span class=\"g-color2\">\u00e9change<\/span>, <span class=\"g-color2\">durabilit\u00e9<\/span>, <span class=\"g-color2\">responsabilit\u00e9<\/span>, <span class=\"g-color2\">professionnalisme<\/span> et <span class=\"g-color2\">dynamisme<\/span>. Elle t\u00e9moigne de <span class=\"g-color2\">notre engagement<\/span> au travail, mais aussi pour notre environnement, nos collaborateurs, partenaires et clients.<\/p>\n<p>&nbsp;<\/p>\n<p><a href=\"https:\/\/extende.realisateurweb.com\/wp-content\/uploads\/Charte_Ethique_EXTENDE.pdf\" target=\"_blank\" rel=\"noopener\"><img loading=\"lazy\" decoding=\"async\" class=\"aligncenter wp-image-5450\" src=\"https:\/\/extende.realisateurweb.com\/wp-content\/uploads\/Valeurs_Ethiques_EXTENDE_2024.png\" alt=\"\" width=\"600\" height=\"610\" srcset=\"https:\/\/extende.realisateurweb.com\/wp-content\/uploads\/Valeurs_Ethiques_EXTENDE_2024.png 600w, https:\/\/extende.realisateurweb.com\/wp-content\/uploads\/Valeurs_Ethiques_EXTENDE_2024-295x300.png 295w\" sizes=\"auto, (max-width: 600px) 100vw, 600px\" \/><\/a><\/p>\n","protected":false},"excerpt":{"rendered":"<p>Les valeurs de l&rsquo;\u00e9quipe d&rsquo;EXTENDE<\/p>\n","protected":false},"author":2,"featured_media":0,"parent":5416,"menu_order":2,"comment_status":"closed","ping_status":"closed","template":"templates\/page--extende.html.php","meta":{"_acf_changed":false,"footnotes":""},"class_list":["post-5455","page","type-page","status-publish","hentry"],"acf":[],"_links":{"self":[{"href":"https:\/\/extende.realisateurweb.com\/fr\/wp-json\/wp\/v2\/pages\/5455","targetHints":{"allow":["GET"]}}],"collection":[{"href":"https:\/\/extende.realisateurweb.com\/fr\/wp-json\/wp\/v2\/pages"}],"about":[{"href":"https:\/\/extende.realisateurweb.com\/fr\/wp-json\/wp\/v2\/types\/page"}],"author":[{"embeddable":true,"href":"https:\/\/extende.realisateurweb.com\/fr\/wp-json\/wp\/v2\/users\/2"}],"replies":[{"embeddable":true,"href":"https:\/\/extende.realisateurweb.com\/fr\/wp-json\/wp\/v2\/comments?post=5455"}],"version-history":[{"count":3,"href":"https:\/\/extende.realisateurweb.com\/fr\/wp-json\/wp\/v2\/pages\/5455\/revisions"}],"predecessor-version":[{"id":6299,"href":"https:\/\/extende.realisateurweb.com\/fr\/wp-json\/wp\/v2\/pages\/5455\/revisions\/6299"}],"up":[{"embeddable":true,"href":"https:\/\/extende.realisateurweb.com\/fr\/wp-json\/wp\/v2\/pages\/5416"}],"wp:attachment":[{"href":"https:\/\/extende.realisateurweb.com\/fr\/wp-json\/wp\/v2\/media?parent=5455"}],"curies":[{"name":"wp","href":"https:\/\/api.w.org\/{rel}","templated":true}]}}