{"id":6669,"date":"2025-07-21T16:36:43","date_gmt":"2025-07-21T14:36:43","guid":{"rendered":"https:\/\/extende.realisateurweb.com\/?page_id=6669"},"modified":"2025-07-21T16:40:09","modified_gmt":"2025-07-21T14:40:09","slug":"politique-de-confidentialite","status":"publish","type":"page","link":"https:\/\/extende.realisateurweb.com\/fr\/politique-de-confidentialite\/","title":{"rendered":"Politique de confidentialit\u00e9"},"content":{"rendered":"<h2>Quelles donn\u00e9es personnelles collectons-nous et pourquoi ?<\/h2>\n<p>La pr\u00e9sente politique de protection des donn\u00e9es a pour objectif de vous informer sur les engagements et mesures pris par la soci\u00e9t\u00e9 EXTENDE afin de veiller au respect de vos donn\u00e9es \u00e0 caract\u00e8re personnel.<\/p>\n<p>Cette politique concerne les traitements r\u00e9alis\u00e9s dans le cadre de la gestion du site internet https:\/\/extende.realisateurweb.com\/fr\/ ainsi que des demandes transmises \u00e0 partir des formulaires de contact.<\/p>\n<p>EXTENDE est le responsable du traitement de vos donn\u00e9es personnelles collect\u00e9es sur le site pr\u00e9cit\u00e9. Vous pouvez trouver l\u2019ensemble des informations concernant la soci\u00e9t\u00e9 EXTENDE sur la page mentions l\u00e9gales accessibles sur le site <a href=\"https:\/\/extende.realisateurweb.com\/fr\/mentions-legales\/\">https:\/\/extende.realisateurweb.com\/fr\/mentions-legales\/<\/a>.<\/p>\n<p>La pr\u00e9sente politique de confidentialit\u00e9 pourra \u00e9voluer en fonction du contexte l\u00e9gal et r\u00e9glementaire et des recommandations de la Commission Nationale de l\u2019Informatique et des Libert\u00e9s.<\/p>\n<p>&nbsp;<\/p>\n<h2>D\u00e9finitions<\/h2>\n<p><strong>\u00ab Donn\u00e9es \u00e0 caract\u00e8re personnel \u00bb :<\/strong> toute donn\u00e9e permettant d\u2019identifier directement ou indirectement une personne physique.<\/p>\n<p><strong>\u00ab Traitement de donn\u00e9es \u00bb :<\/strong> op\u00e9rations r\u00e9alis\u00e9es sur des donn\u00e9es \u00e0 caract\u00e8re personnel, notamment la collecte, l\u2019enregistrement, l\u2019utilisation, la transmission ou la communication.<\/p>\n<p><strong>\u00ab Responsable de traitement \u00bb :<\/strong> entit\u00e9 juridique en charge de d\u00e9terminer les finalit\u00e9s du traitement et les moyens mis en \u0153uvre.<\/p>\n<p><strong>\u00ab Sous-traitant \u00bb :<\/strong> entit\u00e9 juridique qui traite des donn\u00e9es \u00e0 caract\u00e8re personnel pour le compte du responsable de traitement.<\/p>\n<p>&nbsp;<\/p>\n<h2>Donn\u00e9es collect\u00e9es<\/h2>\n<p>EXTENDE veille \u00e0 collecter et \u00e0 traiter des donn\u00e9es \u00e0 caract\u00e8re personnel pertinentes, ad\u00e9quates, non excessives et strictement n\u00e9cessaires \u00e0 l\u2019atteinte des finalit\u00e9s qui ont \u00e9t\u00e9 pr\u00e9alablement d\u00e9termin\u00e9es. EXTENDE prend toutes les dispositions utiles pour que vos donn\u00e9es soient exactes, compl\u00e8tes et, si n\u00e9cessaire, mises \u00e0 jour. EXTENDE ne partage jamais vos donn\u00e9es personnelles avec d\u2019autres entreprises \u00e0 des fins de prospection commerciale. Les donn\u00e9es personnelles que EXTENDE collecte sont uniquement compos\u00e9es des donn\u00e9es n\u00e9cessaires \u00e0 la r\u00e9alisation des finalit\u00e9s des traitements mis en \u0153uvre. EXTENDE s\u2019engage \u00e0 ne pas collecter plus de donn\u00e9es que n\u00e9cessaire. Dans le cadre de l\u2019utilisation du site internet https:\/\/extende.realisateurweb.com\/fr\/, EXTENDE collecte et traite les informations fournies sur le formulaire \u00e0 savoir :<\/p>\n<p>L\u2019identit\u00e9, l\u2019adresse mail, nom de la soci\u00e9t\u00e9, les coordonn\u00e9es t\u00e9l\u00e9phoniques et le cas \u00e9ch\u00e9ant, le contenu du message ainsi que toute information communiqu\u00e9e ult\u00e9rieurement dans le cadre de ces \u00e9changes. Les donn\u00e9es sont collect\u00e9es et trait\u00e9es par EXTENDE aux seules fins \u00e9nonc\u00e9es ci-apr\u00e8s. Les donn\u00e9es ne sont pas susceptibles de transfert hors du territoire de l\u2019Union europ\u00e9enne.<\/p>\n<p>&nbsp;<\/p>\n<p>&nbsp;<\/p>\n<h2>Finalit\u00e9s de la collecte<\/h2>\n<p>EXTENDE collecte vos donn\u00e9es pour les finalit\u00e9s suivantes :<\/p>\n<ul>\n<li>r\u00e9pondre \u00e0 une demande de contact formul\u00e9e par une personne visitant le site internet ;<\/li>\n<li>am\u00e9liorer le site internet, nos produits et services ;<\/li>\n<\/ul>\n<p>Ces donn\u00e9es ne peuvent \u00eatre utilis\u00e9es ult\u00e9rieurement de mani\u00e8re incompatible avec ces finalit\u00e9s. Ces donn\u00e9es sont collect\u00e9es loyalement ; aucune collecte n\u2019est effectu\u00e9e \u00e0 l\u2019insu des personnes et sans qu\u2019elles en soient inform\u00e9es.<\/p>\n<p>&nbsp;<\/p>\n<h2>Dur\u00e9e de conservation limit\u00e9e des donn\u00e9es \u00e0 caract\u00e8re personnel<\/h2>\n<p>Les donn\u00e9es \u00e0 caract\u00e8re personnel sont conserv\u00e9es pendant une dur\u00e9e limit\u00e9e qui n\u2019exc\u00e8de pas la dur\u00e9e n\u00e9cessaire aux finalit\u00e9s poursuivies et jusqu\u2019\u00e0 36 mois, s\u2019il n\u2019y a pas eu opposition, concernant les prospects.<\/p>\n<p>EXTENDE peut cependant conserver vos donn\u00e9es \u00e0 caract\u00e8re personnel pour une dur\u00e9e plus longue pour se conformer aux obligations l\u00e9gales et notamment aux d\u00e9lais de prescription applicables.<\/p>\n<p>&nbsp;<\/p>\n<h2>Confidentialit\u00e9 \/ S\u00e9curit\u00e9 des donn\u00e9es<\/h2>\n<p>Des mesures de s\u00e9curit\u00e9 physiques, logistiques et organisationnelles appropri\u00e9es sont pr\u00e9vues pour garantir la confidentialit\u00e9 des donn\u00e9es, et notamment \u00e9viter tout acc\u00e8s non autoris\u00e9.<\/p>\n<p>&nbsp;<\/p>\n<h2>Destinataires des donn\u00e9es<\/h2>\n<p>EXTENDE ne communique vos donn\u00e9es \u00e0 caract\u00e8re personnel qu\u2019\u00e0 des destinataires habilit\u00e9s et d\u00e9termin\u00e9s.<\/p>\n<p>Par ailleurs, vos donn\u00e9es \u00e0 caract\u00e8re personnel peuvent \u00eatre partag\u00e9es pour les motifs suivants :<\/p>\n<p>&nbsp;<\/p>\n<ul>\n<li>En r\u00e9ponse \u00e0 une proc\u00e9dure judiciaire ou administrative de toute nature ou \u00e0 des mesures d\u2019application de la loi r\u00e9clam\u00e9es par les autorit\u00e9s comp\u00e9tentes ;<\/li>\n<li>Pour se conformer \u00e0 des obligations l\u00e9gales, pour prot\u00e9ger les droits et\/ou la s\u00fbret\u00e9 d\u2019un individu, pour prot\u00e9ger les droits et la propri\u00e9t\u00e9 de EXTENDE, y compris la n\u00e9cessit\u00e9 de voir la pr\u00e9sente Politique de Protection des Donn\u00e9es respect\u00e9e et d\u2019emp\u00eacher les probl\u00e8mes de fraude, de s\u00e9curit\u00e9 ou techniques.<\/li>\n<\/ul>\n<p>&nbsp;<\/p>\n<h2>Cookies et autres traceurs<\/h2>\n<p>L\u2019utilisateur est inform\u00e9 que lors de ses visites sur le site https:\/\/extende.realisateurweb.com\/fr\/, un cookie peut s\u2019installer automatiquement sur son logiciel de navigation. Le cookie est un bloc de donn\u00e9es qui ne permet pas d\u2019identifier les utilisateurs mais sert \u00e0 enregistrer des informations relatives \u00e0 la navigation de celui-ci sur le site. En application des recommandations de la CNIL, la dur\u00e9e de validit\u00e9 de votre consentement est de treize (13) mois maximum.<\/p>\n<p>Nous n\u2019utilisons sur ce site que des cookies de session qui sont utilis\u00e9s pour stocker des informations sur vos activit\u00e9s sur ce site pendant la dur\u00e9e de votre visite. Ils sont effac\u00e9s lorsque vous fermez votre navigateur.<\/p>\n<p>&nbsp;<\/p>\n<p>Le param\u00e9trage du logiciel de navigation permet d\u2019informer de la pr\u00e9sence de cookie et \u00e9ventuellement, de la refuser de la mani\u00e8re d\u00e9crite sur le site de la CNIL www.cnil.fr. L\u2019utilisateur dispose d\u2019un droit d\u2019acc\u00e8s, de retrait et de modification des donn\u00e9es \u00e0 caract\u00e8re personnel communiqu\u00e9es par le biais des cookies dans les conditions indiqu\u00e9es ci-dessus.<\/p>\n<p>Vous pouvez d\u00e9sactiver cette fonction dans votre navigateur si vous le souhaitez :<\/p>\n<ul>\n<li>Microsoft Edge\u2122<\/li>\n<li>Chrome\u2122<\/li>\n<li>Chrome\u2122 sur Android<\/li>\n<li>Internet Explorer \u2122<\/li>\n<li>Safari\u2122 sur mac<\/li>\n<li>Safari\u2122 sur iPhone, iPad ou iPod touch<\/li>\n<li>Firefox\u2122<\/li>\n<li>Opera\u2122<\/li>\n<\/ul>\n<p>&nbsp;<\/p>\n<h2>Mise \u00e0 jour<\/h2>\n<p>Cette Politique peut \u00eatre mise \u00e0 jour \u00e0 tout moment, aussi nous vous conseillons de la consulter r\u00e9guli\u00e8rement.<\/p>\n","protected":false},"excerpt":{"rendered":"<p>Quelles donn\u00e9es personnelles collectons-nous et pourquoi ? La pr\u00e9sente politique de protection des donn\u00e9es a pour objectif de vous informer sur les engagements et mesures pris par la soci\u00e9t\u00e9 EXTENDE afin de veiller au respect de vos donn\u00e9es \u00e0 caract\u00e8re personnel. Cette politique concerne les traitements r\u00e9alis\u00e9s dans le cadre de la gestion du site [&hellip;]<\/p>\n","protected":false},"author":2,"featured_media":0,"parent":0,"menu_order":0,"comment_status":"closed","ping_status":"closed","template":"templates\/page--basic.html.php","meta":{"_acf_changed":false,"footnotes":""},"class_list":["post-6669","page","type-page","status-publish","hentry"],"acf":[],"_links":{"self":[{"href":"https:\/\/extende.realisateurweb.com\/fr\/wp-json\/wp\/v2\/pages\/6669","targetHints":{"allow":["GET"]}}],"collection":[{"href":"https:\/\/extende.realisateurweb.com\/fr\/wp-json\/wp\/v2\/pages"}],"about":[{"href":"https:\/\/extende.realisateurweb.com\/fr\/wp-json\/wp\/v2\/types\/page"}],"author":[{"embeddable":true,"href":"https:\/\/extende.realisateurweb.com\/fr\/wp-json\/wp\/v2\/users\/2"}],"replies":[{"embeddable":true,"href":"https:\/\/extende.realisateurweb.com\/fr\/wp-json\/wp\/v2\/comments?post=6669"}],"version-history":[{"count":1,"href":"https:\/\/extende.realisateurweb.com\/fr\/wp-json\/wp\/v2\/pages\/6669\/revisions"}],"predecessor-version":[{"id":6670,"href":"https:\/\/extende.realisateurweb.com\/fr\/wp-json\/wp\/v2\/pages\/6669\/revisions\/6670"}],"wp:attachment":[{"href":"https:\/\/extende.realisateurweb.com\/fr\/wp-json\/wp\/v2\/media?parent=6669"}],"curies":[{"name":"wp","href":"https:\/\/api.w.org\/{rel}","templated":true}]}}